{"id":3844,"date":"2024-10-31T15:36:51","date_gmt":"2024-10-31T13:36:51","guid":{"rendered":"https:\/\/ajmonnet.eu\/?page_id=3844"},"modified":"2025-12-03T23:00:43","modified_gmt":"2025-12-03T21:00:43","slug":"shape","status":"publish","type":"page","link":"https:\/\/ajmonnet.eu\/uk\/shape\/","title":{"rendered":"ShaPE"},"content":{"rendered":"","protected":false},"excerpt":{"rendered":"","protected":false},"author":4,"featured_media":0,"parent":0,"menu_order":0,"comment_status":"closed","ping_status":"closed","template":"","meta":{"_acf_changed":false,"footnotes":""},"class_list":["post-3844","page","type-page","status-publish","hentry"],"acf":[],"yoast_head":"<!-- This site is optimized with the Yoast SEO plugin v27.3 - https:\/\/yoast.com\/product\/yoast-seo-wordpress\/ -->\n<title>ShaPE - Association Jean Monnet<\/title>\n<meta name=\"description\" content=\"D\u00e9couvrez le projet europ\u00e9en Shape. L&#039;objectif est d&#039;approfondir notre compr\u00e9hension du r\u00f4le jou\u00e9 par les syndicats dans la construction et la formation de l&#039;Europe sociale.\" \/>\n<meta name=\"robots\" content=\"index, follow, max-snippet:-1, max-image-preview:large, max-video-preview:-1\" \/>\n<link rel=\"canonical\" href=\"https:\/\/ajmonnet.eu\/uk\/shape\/\" \/>\n<meta property=\"og:locale\" content=\"uk_UA\" \/>\n<meta property=\"og:type\" content=\"article\" \/>\n<meta property=\"og:title\" content=\"ShaPE - Association Jean Monnet\" \/>\n<meta property=\"og:description\" content=\"D\u00e9couvrez le projet europ\u00e9en Shape. L&#039;objectif est d&#039;approfondir notre compr\u00e9hension du r\u00f4le jou\u00e9 par les syndicats dans la construction et la formation de l&#039;Europe sociale.\" \/>\n<meta property=\"og:url\" content=\"https:\/\/ajmonnet.eu\/uk\/shape\/\" \/>\n<meta property=\"og:site_name\" content=\"Association Jean Monnet\" \/>\n<meta property=\"article:publisher\" content=\"https:\/\/www.facebook.com\/associationjeanmonnet\" \/>\n<meta property=\"article:modified_time\" content=\"2025-12-03T21:00:43+00:00\" \/>\n<meta property=\"og:image\" content=\"https:\/\/ajmonnet.eu\/wp-content\/uploads\/2022\/04\/AJM-Logo-Color.png\" \/>\n\t<meta property=\"og:image:width\" content=\"386\" \/>\n\t<meta property=\"og:image:height\" content=\"241\" \/>\n\t<meta property=\"og:image:type\" content=\"image\/png\" \/>\n<meta name=\"twitter:card\" content=\"summary_large_image\" \/>\n<meta name=\"twitter:site\" content=\"@AJMonnet\" \/>\n<script type=\"application\/ld+json\" class=\"yoast-schema-graph\">{\"@context\":\"https:\\\/\\\/schema.org\",\"@graph\":[{\"@type\":\"WebPage\",\"@id\":\"https:\\\/\\\/ajmonnet.eu\\\/shape\\\/\",\"url\":\"https:\\\/\\\/ajmonnet.eu\\\/shape\\\/\",\"name\":\"ShaPE - Association Jean Monnet\",\"isPartOf\":{\"@id\":\"https:\\\/\\\/ajmonnet.eu\\\/#website\"},\"datePublished\":\"2024-10-31T13:36:51+00:00\",\"dateModified\":\"2025-12-03T21:00:43+00:00\",\"description\":\"D\u00e9couvrez le projet europ\u00e9en Shape. L'objectif est d'approfondir notre compr\u00e9hension du r\u00f4le jou\u00e9 par les syndicats dans la construction et la formation de l'Europe sociale.\",\"breadcrumb\":{\"@id\":\"https:\\\/\\\/ajmonnet.eu\\\/shape\\\/#breadcrumb\"},\"inLanguage\":\"uk\",\"potentialAction\":[{\"@type\":\"ReadAction\",\"target\":[\"https:\\\/\\\/ajmonnet.eu\\\/shape\\\/\"]}]},{\"@type\":\"BreadcrumbList\",\"@id\":\"https:\\\/\\\/ajmonnet.eu\\\/shape\\\/#breadcrumb\",\"itemListElement\":[{\"@type\":\"ListItem\",\"position\":1,\"name\":\"Home\",\"item\":\"https:\\\/\\\/ajmonnet.eu\\\/\"},{\"@type\":\"ListItem\",\"position\":2,\"name\":\"ShaPE\"}]},{\"@type\":\"WebSite\",\"@id\":\"https:\\\/\\\/ajmonnet.eu\\\/#website\",\"url\":\"https:\\\/\\\/ajmonnet.eu\\\/\",\"name\":\"Association Jean Monnet\",\"description\":\"Faire vivre au temps pr\u00e9sent les id\u00e9es europ\u00e9ennes de Jean Monnet\",\"publisher\":{\"@id\":\"https:\\\/\\\/ajmonnet.eu\\\/#organization\"},\"alternateName\":\"AJM\",\"potentialAction\":[{\"@type\":\"SearchAction\",\"target\":{\"@type\":\"EntryPoint\",\"urlTemplate\":\"https:\\\/\\\/ajmonnet.eu\\\/?s={search_term_string}\"},\"query-input\":{\"@type\":\"PropertyValueSpecification\",\"valueRequired\":true,\"valueName\":\"search_term_string\"}}],\"inLanguage\":\"uk\"},{\"@type\":\"Organization\",\"@id\":\"https:\\\/\\\/ajmonnet.eu\\\/#organization\",\"name\":\"ASSOCIATION JEAN MONNET\",\"alternateName\":\"AJM\",\"url\":\"https:\\\/\\\/ajmonnet.eu\\\/\",\"logo\":{\"@type\":\"ImageObject\",\"inLanguage\":\"uk\",\"@id\":\"https:\\\/\\\/ajmonnet.eu\\\/#\\\/schema\\\/logo\\\/image\\\/\",\"url\":\"https:\\\/\\\/ajmonnet.eu\\\/wp-content\\\/uploads\\\/2022\\\/04\\\/AJM-Logo-Color.png\",\"contentUrl\":\"https:\\\/\\\/ajmonnet.eu\\\/wp-content\\\/uploads\\\/2022\\\/04\\\/AJM-Logo-Color.png\",\"width\":386,\"height\":241,\"caption\":\"ASSOCIATION JEAN MONNET\"},\"image\":{\"@id\":\"https:\\\/\\\/ajmonnet.eu\\\/#\\\/schema\\\/logo\\\/image\\\/\"},\"sameAs\":[\"https:\\\/\\\/www.facebook.com\\\/associationjeanmonnet\",\"https:\\\/\\\/x.com\\\/AJMonnet\",\"https:\\\/\\\/www.linkedin.com\\\/company\\\/association-jean-monnet\",\"https:\\\/\\\/bsky.app\\\/profile\\\/ajeanmonnet.bsky.social\"]}]}<\/script>\n<!-- \/ Yoast SEO plugin. -->","yoast_head_json":{"title":"ShaPE - \u0410\u0441\u043e\u0446\u0456\u0430\u0446\u0456\u044f \u0416\u0430\u043d\u0430 \u041c\u043e\u043d\u0435","description":"\u0414\u0456\u0437\u043d\u0430\u0439\u0442\u0435\u0441\u044f \u0431\u0456\u043b\u044c\u0448\u0435 \u043f\u0440\u043e \u043f\u0440\u043e\u0435\u043a\u0442 European Shape. \u0419\u043e\u0433\u043e \u043c\u0435\u0442\u0430 - \u043f\u043e\u0433\u043b\u0438\u0431\u0438\u0442\u0438 \u043d\u0430\u0448\u0435 \u0440\u043e\u0437\u0443\u043c\u0456\u043d\u043d\u044f \u0440\u043e\u043b\u0456, \u044f\u043a\u0443 \u0432\u0456\u0434\u0456\u0433\u0440\u0430\u044e\u0442\u044c \u043f\u0440\u043e\u0444\u0441\u043f\u0456\u043b\u043a\u0438 \u0443 \u043f\u043e\u0431\u0443\u0434\u043e\u0432\u0456 \u0442\u0430 \u0444\u043e\u0440\u043c\u0443\u0432\u0430\u043d\u043d\u0456 \u0441\u043e\u0446\u0456\u0430\u043b\u044c\u043d\u043e\u0457 \u0404\u0432\u0440\u043e\u043f\u0438.","robots":{"index":"index","follow":"follow","max-snippet":"max-snippet:-1","max-image-preview":"max-image-preview:large","max-video-preview":"max-video-preview:-1"},"canonical":"https:\/\/ajmonnet.eu\/uk\/shape\/","og_locale":"uk_UA","og_type":"article","og_title":"ShaPE - Association Jean Monnet","og_description":"D\u00e9couvrez le projet europ\u00e9en Shape. L'objectif est d'approfondir notre compr\u00e9hension du r\u00f4le jou\u00e9 par les syndicats dans la construction et la formation de l'Europe sociale.","og_url":"https:\/\/ajmonnet.eu\/uk\/shape\/","og_site_name":"Association Jean Monnet","article_publisher":"https:\/\/www.facebook.com\/associationjeanmonnet","article_modified_time":"2025-12-03T21:00:43+00:00","og_image":[{"width":386,"height":241,"url":"https:\/\/ajmonnet.eu\/wp-content\/uploads\/2022\/04\/AJM-Logo-Color.png","type":"image\/png"}],"twitter_card":"summary_large_image","twitter_site":"@AJMonnet","schema":{"@context":"https:\/\/schema.org","@graph":[{"@type":"WebPage","@id":"https:\/\/ajmonnet.eu\/shape\/","url":"https:\/\/ajmonnet.eu\/shape\/","name":"ShaPE - \u0410\u0441\u043e\u0446\u0456\u0430\u0446\u0456\u044f \u0416\u0430\u043d\u0430 \u041c\u043e\u043d\u0435","isPartOf":{"@id":"https:\/\/ajmonnet.eu\/#website"},"datePublished":"2024-10-31T13:36:51+00:00","dateModified":"2025-12-03T21:00:43+00:00","description":"\u0414\u0456\u0437\u043d\u0430\u0439\u0442\u0435\u0441\u044f \u0431\u0456\u043b\u044c\u0448\u0435 \u043f\u0440\u043e \u043f\u0440\u043e\u0435\u043a\u0442 European Shape. \u0419\u043e\u0433\u043e \u043c\u0435\u0442\u0430 - \u043f\u043e\u0433\u043b\u0438\u0431\u0438\u0442\u0438 \u043d\u0430\u0448\u0435 \u0440\u043e\u0437\u0443\u043c\u0456\u043d\u043d\u044f \u0440\u043e\u043b\u0456, \u044f\u043a\u0443 \u0432\u0456\u0434\u0456\u0433\u0440\u0430\u044e\u0442\u044c \u043f\u0440\u043e\u0444\u0441\u043f\u0456\u043b\u043a\u0438 \u0443 \u043f\u043e\u0431\u0443\u0434\u043e\u0432\u0456 \u0442\u0430 \u0444\u043e\u0440\u043c\u0443\u0432\u0430\u043d\u043d\u0456 \u0441\u043e\u0446\u0456\u0430\u043b\u044c\u043d\u043e\u0457 \u0404\u0432\u0440\u043e\u043f\u0438.","breadcrumb":{"@id":"https:\/\/ajmonnet.eu\/shape\/#breadcrumb"},"inLanguage":"uk","potentialAction":[{"@type":"ReadAction","target":["https:\/\/ajmonnet.eu\/shape\/"]}]},{"@type":"BreadcrumbList","@id":"https:\/\/ajmonnet.eu\/shape\/#breadcrumb","itemListElement":[{"@type":"ListItem","position":1,"name":"Home","item":"https:\/\/ajmonnet.eu\/"},{"@type":"ListItem","position":2,"name":"ShaPE"}]},{"@type":"WebSite","@id":"https:\/\/ajmonnet.eu\/#website","url":"https:\/\/ajmonnet.eu\/","name":"\u0410\u0441\u043e\u0446\u0456\u0430\u0446\u0456\u044f \u0416\u0430\u043d\u0430 \u041c\u043e\u043d\u0435","description":"\u0412\u0442\u0456\u043b\u0435\u043d\u043d\u044f \u0454\u0432\u0440\u043e\u043f\u0435\u0439\u0441\u044c\u043a\u0438\u0445 \u0456\u0434\u0435\u0439 \u0416\u0430\u043d\u0430 \u041c\u043e\u043d\u0435 \u0432 \u0441\u044c\u043e\u0433\u043e\u0434\u0435\u043d\u043d\u0456","publisher":{"@id":"https:\/\/ajmonnet.eu\/#organization"},"alternateName":"AJM","potentialAction":[{"@type":"SearchAction","target":{"@type":"EntryPoint","urlTemplate":"https:\/\/ajmonnet.eu\/?s={search_term_string}"},"query-input":{"@type":"PropertyValueSpecification","valueRequired":true,"valueName":"search_term_string"}}],"inLanguage":"uk"},{"@type":"Organization","@id":"https:\/\/ajmonnet.eu\/#organization","name":"\u0410\u0421\u041e\u0426\u0406\u0410\u0426\u0406\u042f \u0414\u0416\u0410\u041d\u0410 \u041c\u041e\u041d\u0415","alternateName":"AJM","url":"https:\/\/ajmonnet.eu\/","logo":{"@type":"ImageObject","inLanguage":"uk","@id":"https:\/\/ajmonnet.eu\/#\/schema\/logo\/image\/","url":"https:\/\/ajmonnet.eu\/wp-content\/uploads\/2022\/04\/AJM-Logo-Color.png","contentUrl":"https:\/\/ajmonnet.eu\/wp-content\/uploads\/2022\/04\/AJM-Logo-Color.png","width":386,"height":241,"caption":"ASSOCIATION JEAN MONNET"},"image":{"@id":"https:\/\/ajmonnet.eu\/#\/schema\/logo\/image\/"},"sameAs":["https:\/\/www.facebook.com\/associationjeanmonnet","https:\/\/x.com\/AJMonnet","https:\/\/www.linkedin.com\/company\/association-jean-monnet","https:\/\/bsky.app\/profile\/ajeanmonnet.bsky.social"]}]}},"_links":{"self":[{"href":"https:\/\/ajmonnet.eu\/uk\/wp-json\/wp\/v2\/pages\/3844","targetHints":{"allow":["GET"]}}],"collection":[{"href":"https:\/\/ajmonnet.eu\/uk\/wp-json\/wp\/v2\/pages"}],"about":[{"href":"https:\/\/ajmonnet.eu\/uk\/wp-json\/wp\/v2\/types\/page"}],"author":[{"embeddable":true,"href":"https:\/\/ajmonnet.eu\/uk\/wp-json\/wp\/v2\/users\/4"}],"replies":[{"embeddable":true,"href":"https:\/\/ajmonnet.eu\/uk\/wp-json\/wp\/v2\/comments?post=3844"}],"version-history":[{"count":23,"href":"https:\/\/ajmonnet.eu\/uk\/wp-json\/wp\/v2\/pages\/3844\/revisions"}],"predecessor-version":[{"id":4565,"href":"https:\/\/ajmonnet.eu\/uk\/wp-json\/wp\/v2\/pages\/3844\/revisions\/4565"}],"wp:attachment":[{"href":"https:\/\/ajmonnet.eu\/uk\/wp-json\/wp\/v2\/media?parent=3844"}],"curies":[{"name":"wp","href":"https:\/\/api.w.org\/{rel}","templated":true}]}}