{"id":3571,"date":"2024-03-27T20:59:19","date_gmt":"2024-03-27T20:59:19","guid":{"rendered":"https:\/\/ajmonnet.eu\/?page_id=3571"},"modified":"2026-01-27T19:18:32","modified_gmt":"2026-01-27T17:18:32","slug":"her-voice","status":"publish","type":"page","link":"https:\/\/ajmonnet.eu\/pt\/her-voice\/","title":{"rendered":"A sua voz"},"content":{"rendered":"","protected":false},"excerpt":{"rendered":"","protected":false},"author":4,"featured_media":0,"parent":0,"menu_order":0,"comment_status":"closed","ping_status":"closed","template":"","meta":{"_acf_changed":false,"footnotes":""},"class_list":["post-3571","page","type-page","status-publish","hentry"],"acf":[],"yoast_head":"<!-- This site is optimized with the Yoast SEO plugin v27.3 - https:\/\/yoast.com\/product\/yoast-seo-wordpress\/ -->\n<title>Her Voice - Association Jean Monnet<\/title>\n<meta name=\"description\" content=\"D\u00e9couvrez le projet europ\u00e9en Her Voice et son impact sur la voix des femmes en Europe.\" \/>\n<meta name=\"robots\" content=\"index, follow, max-snippet:-1, max-image-preview:large, max-video-preview:-1\" \/>\n<link rel=\"canonical\" href=\"https:\/\/ajmonnet.eu\/pt\/her-voice\/\" \/>\n<meta property=\"og:locale\" content=\"pt_PT\" \/>\n<meta property=\"og:type\" content=\"article\" \/>\n<meta property=\"og:title\" content=\"Her Voice - Association Jean Monnet\" \/>\n<meta property=\"og:description\" content=\"D\u00e9couvrez le projet europ\u00e9en Her Voice et son impact sur la voix des femmes en Europe.\" \/>\n<meta property=\"og:url\" content=\"https:\/\/ajmonnet.eu\/pt\/her-voice\/\" \/>\n<meta property=\"og:site_name\" content=\"Association Jean Monnet\" \/>\n<meta property=\"article:publisher\" content=\"https:\/\/www.facebook.com\/associationjeanmonnet\" \/>\n<meta property=\"article:modified_time\" content=\"2026-01-27T17:18:32+00:00\" \/>\n<meta property=\"og:image\" content=\"https:\/\/ajmonnet.eu\/wp-content\/uploads\/2022\/04\/AJM-Logo-Color.png\" \/>\n\t<meta property=\"og:image:width\" content=\"386\" \/>\n\t<meta property=\"og:image:height\" content=\"241\" \/>\n\t<meta property=\"og:image:type\" content=\"image\/png\" \/>\n<meta name=\"twitter:card\" content=\"summary_large_image\" \/>\n<meta name=\"twitter:site\" content=\"@AJMonnet\" \/>\n<script type=\"application\/ld+json\" class=\"yoast-schema-graph\">{\"@context\":\"https:\\\/\\\/schema.org\",\"@graph\":[{\"@type\":\"WebPage\",\"@id\":\"https:\\\/\\\/ajmonnet.eu\\\/her-voice\\\/\",\"url\":\"https:\\\/\\\/ajmonnet.eu\\\/her-voice\\\/\",\"name\":\"Her Voice - Association Jean Monnet\",\"isPartOf\":{\"@id\":\"https:\\\/\\\/ajmonnet.eu\\\/#website\"},\"datePublished\":\"2024-03-27T20:59:19+00:00\",\"dateModified\":\"2026-01-27T17:18:32+00:00\",\"description\":\"D\u00e9couvrez le projet europ\u00e9en Her Voice et son impact sur la voix des femmes en Europe.\",\"breadcrumb\":{\"@id\":\"https:\\\/\\\/ajmonnet.eu\\\/her-voice\\\/#breadcrumb\"},\"inLanguage\":\"pt-PT\",\"potentialAction\":[{\"@type\":\"ReadAction\",\"target\":[\"https:\\\/\\\/ajmonnet.eu\\\/her-voice\\\/\"]}]},{\"@type\":\"BreadcrumbList\",\"@id\":\"https:\\\/\\\/ajmonnet.eu\\\/her-voice\\\/#breadcrumb\",\"itemListElement\":[{\"@type\":\"ListItem\",\"position\":1,\"name\":\"Home\",\"item\":\"https:\\\/\\\/ajmonnet.eu\\\/\"},{\"@type\":\"ListItem\",\"position\":2,\"name\":\"Her Voice\"}]},{\"@type\":\"WebSite\",\"@id\":\"https:\\\/\\\/ajmonnet.eu\\\/#website\",\"url\":\"https:\\\/\\\/ajmonnet.eu\\\/\",\"name\":\"Association Jean Monnet\",\"description\":\"Faire vivre au temps pr\u00e9sent les id\u00e9es europ\u00e9ennes de Jean Monnet\",\"publisher\":{\"@id\":\"https:\\\/\\\/ajmonnet.eu\\\/#organization\"},\"alternateName\":\"AJM\",\"potentialAction\":[{\"@type\":\"SearchAction\",\"target\":{\"@type\":\"EntryPoint\",\"urlTemplate\":\"https:\\\/\\\/ajmonnet.eu\\\/?s={search_term_string}\"},\"query-input\":{\"@type\":\"PropertyValueSpecification\",\"valueRequired\":true,\"valueName\":\"search_term_string\"}}],\"inLanguage\":\"pt-PT\"},{\"@type\":\"Organization\",\"@id\":\"https:\\\/\\\/ajmonnet.eu\\\/#organization\",\"name\":\"ASSOCIATION JEAN MONNET\",\"alternateName\":\"AJM\",\"url\":\"https:\\\/\\\/ajmonnet.eu\\\/\",\"logo\":{\"@type\":\"ImageObject\",\"inLanguage\":\"pt-PT\",\"@id\":\"https:\\\/\\\/ajmonnet.eu\\\/#\\\/schema\\\/logo\\\/image\\\/\",\"url\":\"https:\\\/\\\/ajmonnet.eu\\\/wp-content\\\/uploads\\\/2022\\\/04\\\/AJM-Logo-Color.png\",\"contentUrl\":\"https:\\\/\\\/ajmonnet.eu\\\/wp-content\\\/uploads\\\/2022\\\/04\\\/AJM-Logo-Color.png\",\"width\":386,\"height\":241,\"caption\":\"ASSOCIATION JEAN MONNET\"},\"image\":{\"@id\":\"https:\\\/\\\/ajmonnet.eu\\\/#\\\/schema\\\/logo\\\/image\\\/\"},\"sameAs\":[\"https:\\\/\\\/www.facebook.com\\\/associationjeanmonnet\",\"https:\\\/\\\/x.com\\\/AJMonnet\",\"https:\\\/\\\/www.linkedin.com\\\/company\\\/association-jean-monnet\",\"https:\\\/\\\/bsky.app\\\/profile\\\/ajeanmonnet.bsky.social\"]}]}<\/script>\n<!-- \/ Yoast SEO plugin. -->","yoast_head_json":{"title":"A sua voz - Associa\u00e7\u00e3o Jean Monnet","description":"Saiba mais sobre o projeto europeu Her Voice e o seu impacto na voz das mulheres na Europa.","robots":{"index":"index","follow":"follow","max-snippet":"max-snippet:-1","max-image-preview":"max-image-preview:large","max-video-preview":"max-video-preview:-1"},"canonical":"https:\/\/ajmonnet.eu\/pt\/her-voice\/","og_locale":"pt_PT","og_type":"article","og_title":"Her Voice - Association Jean Monnet","og_description":"D\u00e9couvrez le projet europ\u00e9en Her Voice et son impact sur la voix des femmes en Europe.","og_url":"https:\/\/ajmonnet.eu\/pt\/her-voice\/","og_site_name":"Association Jean Monnet","article_publisher":"https:\/\/www.facebook.com\/associationjeanmonnet","article_modified_time":"2026-01-27T17:18:32+00:00","og_image":[{"width":386,"height":241,"url":"https:\/\/ajmonnet.eu\/wp-content\/uploads\/2022\/04\/AJM-Logo-Color.png","type":"image\/png"}],"twitter_card":"summary_large_image","twitter_site":"@AJMonnet","schema":{"@context":"https:\/\/schema.org","@graph":[{"@type":"WebPage","@id":"https:\/\/ajmonnet.eu\/her-voice\/","url":"https:\/\/ajmonnet.eu\/her-voice\/","name":"A sua voz - Associa\u00e7\u00e3o Jean Monnet","isPartOf":{"@id":"https:\/\/ajmonnet.eu\/#website"},"datePublished":"2024-03-27T20:59:19+00:00","dateModified":"2026-01-27T17:18:32+00:00","description":"Saiba mais sobre o projeto europeu Her Voice e o seu impacto na voz das mulheres na Europa.","breadcrumb":{"@id":"https:\/\/ajmonnet.eu\/her-voice\/#breadcrumb"},"inLanguage":"pt-PT","potentialAction":[{"@type":"ReadAction","target":["https:\/\/ajmonnet.eu\/her-voice\/"]}]},{"@type":"BreadcrumbList","@id":"https:\/\/ajmonnet.eu\/her-voice\/#breadcrumb","itemListElement":[{"@type":"ListItem","position":1,"name":"Home","item":"https:\/\/ajmonnet.eu\/"},{"@type":"ListItem","position":2,"name":"Her Voice"}]},{"@type":"WebSite","@id":"https:\/\/ajmonnet.eu\/#website","url":"https:\/\/ajmonnet.eu\/","name":"Associa\u00e7\u00e3o Jean Monnet","description":"Dando vida \u00e0s ideias europeias de Jean Monnet no presente","publisher":{"@id":"https:\/\/ajmonnet.eu\/#organization"},"alternateName":"AJM","potentialAction":[{"@type":"SearchAction","target":{"@type":"EntryPoint","urlTemplate":"https:\/\/ajmonnet.eu\/?s={search_term_string}"},"query-input":{"@type":"PropertyValueSpecification","valueRequired":true,"valueName":"search_term_string"}}],"inLanguage":"pt-PT"},{"@type":"Organization","@id":"https:\/\/ajmonnet.eu\/#organization","name":"ASSOCIA\u00c7\u00c3O JEAN MONNET","alternateName":"AJM","url":"https:\/\/ajmonnet.eu\/","logo":{"@type":"ImageObject","inLanguage":"pt-PT","@id":"https:\/\/ajmonnet.eu\/#\/schema\/logo\/image\/","url":"https:\/\/ajmonnet.eu\/wp-content\/uploads\/2022\/04\/AJM-Logo-Color.png","contentUrl":"https:\/\/ajmonnet.eu\/wp-content\/uploads\/2022\/04\/AJM-Logo-Color.png","width":386,"height":241,"caption":"ASSOCIATION JEAN MONNET"},"image":{"@id":"https:\/\/ajmonnet.eu\/#\/schema\/logo\/image\/"},"sameAs":["https:\/\/www.facebook.com\/associationjeanmonnet","https:\/\/x.com\/AJMonnet","https:\/\/www.linkedin.com\/company\/association-jean-monnet","https:\/\/bsky.app\/profile\/ajeanmonnet.bsky.social"]}]}},"_links":{"self":[{"href":"https:\/\/ajmonnet.eu\/pt\/wp-json\/wp\/v2\/pages\/3571","targetHints":{"allow":["GET"]}}],"collection":[{"href":"https:\/\/ajmonnet.eu\/pt\/wp-json\/wp\/v2\/pages"}],"about":[{"href":"https:\/\/ajmonnet.eu\/pt\/wp-json\/wp\/v2\/types\/page"}],"author":[{"embeddable":true,"href":"https:\/\/ajmonnet.eu\/pt\/wp-json\/wp\/v2\/users\/4"}],"replies":[{"embeddable":true,"href":"https:\/\/ajmonnet.eu\/pt\/wp-json\/wp\/v2\/comments?post=3571"}],"version-history":[{"count":40,"href":"https:\/\/ajmonnet.eu\/pt\/wp-json\/wp\/v2\/pages\/3571\/revisions"}],"predecessor-version":[{"id":4600,"href":"https:\/\/ajmonnet.eu\/pt\/wp-json\/wp\/v2\/pages\/3571\/revisions\/4600"}],"wp:attachment":[{"href":"https:\/\/ajmonnet.eu\/pt\/wp-json\/wp\/v2\/media?parent=3571"}],"curies":[{"name":"wp","href":"https:\/\/api.w.org\/{rel}","templated":true}]}}