{"id":4353,"date":"2025-06-09T10:23:42","date_gmt":"2025-06-09T08:23:42","guid":{"rendered":"https:\/\/ajmonnet.eu\/?page_id=4353"},"modified":"2025-07-29T22:03:35","modified_gmt":"2025-07-29T20:03:35","slug":"westminster-alliance-for-ukraine","status":"publish","type":"page","link":"https:\/\/ajmonnet.eu\/pl\/westminster-alliance-for-ukraine\/","title":{"rendered":"Sojusz Westminsterski na rzecz Ukrainy"},"content":{"rendered":"<div class=\"wp-block-columns is-layout-flex wp-container-core-columns-is-layout-9d6595d7 wp-block-columns-is-layout-flex\">\n<div class=\"wp-block-column is-layout-flow wp-block-column-is-layout-flow\" style=\"flex-basis:66.66%\">\n<figure class=\"wp-block-image size-full\"><img loading=\"lazy\" decoding=\"async\" width=\"793\" height=\"533\" src=\"https:\/\/ajmonnet.eu\/wp-content\/uploads\/2025\/06\/2025-06-09_09h28_41-Modifie.png\" alt=\"\" class=\"wp-image-4363\" srcset=\"https:\/\/ajmonnet.eu\/wp-content\/uploads\/2025\/06\/2025-06-09_09h28_41-Modifie.png 793w, https:\/\/ajmonnet.eu\/wp-content\/uploads\/2025\/06\/2025-06-09_09h28_41-Modifie-300x202.png 300w, https:\/\/ajmonnet.eu\/wp-content\/uploads\/2025\/06\/2025-06-09_09h28_41-Modifie-768x516.png 768w, https:\/\/ajmonnet.eu\/wp-content\/uploads\/2025\/06\/2025-06-09_09h28_41-Modifie-18x12.png 18w\" sizes=\"auto, (max-width: 793px) 100vw, 793px\" \/><\/figure>\n\n\n\n<p>Pomys\u0142 Oliviera V\u00e9drine'a polega\u0142 na wykorzystaniu historycznego symbolu sojuszu mi\u0119dzy Wielk\u0105 Brytani\u0105 a Woln\u0105 Francj\u0105 podczas II wojny \u015bwiatowej. Przypomnienie wybitnych r\u00f3l odegranych przez genera\u0142a Charlesa de Gaulle'a, brytyjskiego premiera Winstona Churchilla i Jeana Monneta.<\/p>\n<\/div>\n\n\n\n<div class=\"wp-block-column is-layout-flow wp-block-column-is-layout-flow\" style=\"flex-basis:33.33%\">\n<p>Podczas Forum Gospodarczego w Miko\u0142ajkach w Polsce w dniach 3 i 4 marca 2025 r. Olivier V\u00e9drine zaproponowa\u0142 Rogerowi Casale zorganizowanie konferencji w Parlamencie Westminsterskim w celu wsparcia Ukrainy, a nast\u0119pnie serii rozm\u00f3w westminsterskich w Europie w celu zbudowania sieci europejskich parlamentarzyst\u00f3w i ekspert\u00f3w.<\/p>\n<\/div>\n<\/div>\n\n\n\n<p><strong><em>Przem\u00f3wienie Philippe'a Laurette'a z 13 maja 2025 r.<\/em><\/strong><\/p>\n\n\n\n<figure class=\"wp-block-embed aligncenter is-type-video is-provider-youtube wp-block-embed-youtube wp-embed-aspect-16-9 wp-has-aspect-ratio\"><div class=\"wp-block-embed__wrapper\">\n<iframe loading=\"lazy\" title=\"Laurette: Bitwa o opini\u0119 publiczn\u0105 musi zosta\u0107 wygrana, aby obroni\u0107 Europ\u0119 i Ukrain\u0119\" width=\"500\" height=\"281\" src=\"https:\/\/www.youtube.com\/embed\/A7LdkWMYsXs?feature=oembed\" frameborder=\"0\" allow=\"accelerometer; autoplay; clipboard-write; encrypted-media; gyroscope; picture-in-picture; web-share\" referrerpolicy=\"strict-origin-when-cross-origin\" allowfullscreen><\/iframe>\n<\/div><\/figure>\n\n\n\n<p>\"\u00a0<em>To, co jest bardzo wa\u017cne - i o czym wszyscy uczestnicy nie mog\u0105 zapomina\u0107 - to walka o opini\u0119 publiczn\u0105. To kluczowa kwestia. Parlamenty sk\u0142adaj\u0105 si\u0119 z wybranych pos\u0142\u00f3w, ale je\u015bli ci pos\u0142owie nie maj\u0105 poparcia ludzi, kt\u00f3rzy na nich g\u0142osuj\u0105, bardzo trudno b\u0119dzie nadal wspiera\u0107 Ukrain\u0119 i broni\u0107 Europy jako ca\u0142o\u015bci\" - powiedzia\u0142 Philippe Laurette, przewodnicz\u0105cy Stowarzyszenia Jean Monnet i zwolennik integracji europejskiej i federalizmu podczas wydarzenia Westminster Alliance for Ukraine.<\/em> <em>Ta bitwa o opini\u0119 publiczn\u0105 musi zosta\u0107 wygrana i wszyscy mo\u017cemy si\u0119 do tego przyczyni\u0107. Jest ona niezb\u0119dna. Wiemy, \u017ce w rzeczywisto\u015bci wiele os\u00f3b nie wie o traktatach, nie czyta ich, a czasami ich nie rozumie. Ale w codziennym \u017cyciu ludzie rozumiej\u0105, \u017ce bezpiecze\u0144stwo jest najwa\u017cniejsze.<\/em>powiedzia\u0142a Laurette<\/p>\n\n\n\n<p><strong>Przem\u00f3wienie Oliviera V\u00e9drine'a z dnia 19 maja 2025 r.<\/strong><\/p>\n\n\n\n<figure class=\"wp-block-embed aligncenter is-type-video is-provider-youtube wp-block-embed-youtube wp-embed-aspect-16-9 wp-has-aspect-ratio\"><div class=\"wp-block-embed__wrapper\">\n<iframe loading=\"lazy\" title=\"Olivier V\u00e9drine: Przesta\u0144 pomaga\u0107 Ukrainie przetrwa\u0107 - pom\u00f3\u017c jej wygra\u0107\" width=\"500\" height=\"281\" src=\"https:\/\/www.youtube.com\/embed\/I7KeyRxiTlc?start=2&#038;feature=oembed\" frameborder=\"0\" allow=\"accelerometer; autoplay; clipboard-write; encrypted-media; gyroscope; picture-in-picture; web-share\" referrerpolicy=\"strict-origin-when-cross-origin\" allowfullscreen><\/iframe>\n<\/div><\/figure>\n\n\n\n<p><em>\"Kluczowe pytanie, jakie musimy sobie zada\u0107, brzmi: \"Czy chcemy, aby Ukraina tylko przetrwa\u0142a, czy te\u017c chcemy, aby wycofa\u0142a si\u0119 z Europy? Czy chcemy tylko, aby Ukraina przetrwa\u0142a, czy chcemy, aby Ukraina wygra\u0142a?<br>Przez ostatnie trzy lata, od czasu inwazji na pe\u0142n\u0105 skal\u0119, dostarczali\u015bmy bro\u0144, ale cz\u0119sto zbyt ma\u0142o i zbyt p\u00f3\u017ano. M\u00f3wili\u015bmy o flocie cieni - wiedzieli\u015bmy o niej, ale nic nie zrobili\u015bmy. M\u00f3wili\u015bmy o rosyjskich aktywach - w ko\u0144cu co\u015b robimy, ale trwa to zbyt d\u0142ugo. Prawdziwe pytanie brzmi nast\u0119puj\u0105co: Czy chcemy ukrai\u0144skiego zwyci\u0119stwa, czy nie? Do tej pory pomagali\u015bmy Ukrainie przetrwa\u0107, oprze\u0107 si\u0119, przetrwa\u0107. Ale przetrwanie nie wystarczy.<\/em><\/p>\n\n\n\n<p><em>Potrzebujemy konkretnej strategii, nie tylko po to, by Ukraina przetrwa\u0142a, ale by zwyci\u0119\u017cy\u0142a. I nie chodzi tylko o Ukrain\u0119. Je\u015bli jutro stworzymy nowy \"S5\" lub jakikolwiek inny ograniczony format, kt\u00f3ry wykluczy Ukrain\u0119, mo\u017ce si\u0119 okaza\u0107, \u017ce Rosja uderzy ponownie - nie w Ukrainie, ale w krajach ba\u0142tyckich lub w Polsce.<\/em><\/p>\n\n\n\n<p><em>Dlatego naszym celem - wraz ze wszystkimi europejskimi i brytyjskimi parlamentarzystami, a miejmy nadziej\u0119, \u017ce tak\u017ce ze Stanami Zjednoczonymi - musi by\u0107 zbudowanie realnej i wp\u0142ywowej polityki. Nie tylko po to, by os\u0142abi\u0107 Rosj\u0119. Nie tylko wspiera\u0107 Ukrain\u0119. Ale pom\u00f3c Ukrainie wygra\u0107.<\/em><\/p>\n\n\n\n<p><em>To musi by\u0107 nasza misja. Nie ma innego pytania. Ukraina musi wygra\u0107 - za nasz\u0105 wolno\u015b\u0107.<br>Jeste\u015bmy na pocz\u0105tku scenariusza, kt\u00f3ry przypomina okres poprzedzaj\u0105cy II wojn\u0119 \u015bwiatow\u0105. 1938. Inwazja na Czechos\u0142owacj\u0119. Nast\u0119pnie Polska. Potem reszta Europy.<br>Nie mo\u017cemy powt\u00f3rzy\u0107 tych b\u0142\u0119d\u00f3w.<br>Wi\u0119c prosz\u0119, przesta\u0144 my\u015ble\u0107 o pomocy Ukrainie w przetrwaniu.<\/em><\/p>\n\n\n\n<p><em>Zacznij my\u015ble\u0107 o pomocy Ukrainie w zwyci\u0119stwie.<\/em><\/p>\n\n\n\n<hr class=\"wp-block-separator has-alpha-channel-opacity\"\/>\n\n\n\n<p>Wi\u0119cej informacji na temat wszystkich wyst\u0105pie\u0144 mo\u017cna znale\u017a\u0107 na stronie internetowej <strong><a href=\"https:\/\/defendingdemocracy.global\/intro\/\">Obrona demokracji i praw cz\u0142owieka<\/a><\/strong><\/p>","protected":false},"excerpt":{"rendered":"<p>L\u2019id\u00e9e pour Olivier V\u00e9drine \u00e9tait d\u2019utiliser le symbole historique de l\u2019alliance entre le Royaume-Uni et la France Libre pendant la Seconde Guerre Mondiale. Un rappel des r\u00f4les \u00e9minents, du G\u00e9n\u00e9ral Charles de Gaulle, du Premier ministre britannique Winston Churchill et de Jean Monnet. Pendant le Forum \u00e9conomique de Mikolajki, en Pologne, les 3 et 4 [&hellip;]<\/p>\n","protected":false},"author":4,"featured_media":4356,"parent":0,"menu_order":0,"comment_status":"closed","ping_status":"closed","template":"","meta":{"_acf_changed":false,"footnotes":""},"class_list":["post-4353","page","type-page","status-publish","has-post-thumbnail","hentry"],"acf":[],"yoast_head":"<!-- This site is optimized with the Yoast SEO plugin v27.3 - https:\/\/yoast.com\/product\/yoast-seo-wordpress\/ -->\n<title>Westminster Alliance for Ukraine - Association Jean Monnet<\/title>\n<meta name=\"description\" content=\"Soutenir l\u2019Ukraine et organiser une s\u00e9rie de Westminster Talks en Europe afin de construire un r\u00e9seau de parlementaires et d\u2019experts europ\u00e9ens.\" \/>\n<meta name=\"robots\" content=\"index, follow, max-snippet:-1, max-image-preview:large, max-video-preview:-1\" \/>\n<link rel=\"canonical\" href=\"https:\/\/ajmonnet.eu\/pl\/westminster-alliance-for-ukraine\/\" \/>\n<meta property=\"og:locale\" content=\"pl_PL\" \/>\n<meta property=\"og:type\" content=\"article\" \/>\n<meta property=\"og:title\" content=\"Westminster Alliance for Ukraine - Association Jean Monnet\" \/>\n<meta property=\"og:description\" content=\"Soutenir l\u2019Ukraine et organiser une s\u00e9rie de Westminster Talks en Europe afin de construire un r\u00e9seau de parlementaires et d\u2019experts europ\u00e9ens.\" \/>\n<meta property=\"og:url\" content=\"https:\/\/ajmonnet.eu\/pl\/westminster-alliance-for-ukraine\/\" \/>\n<meta property=\"og:site_name\" content=\"Association Jean Monnet\" \/>\n<meta property=\"article:publisher\" content=\"https:\/\/www.facebook.com\/associationjeanmonnet\" \/>\n<meta property=\"article:modified_time\" content=\"2025-07-29T20:03:35+00:00\" \/>\n<meta property=\"og:image\" content=\"https:\/\/ajmonnet.eu\/wp-content\/uploads\/2025\/06\/2025-06-09_09h27_51.png\" \/>\n\t<meta property=\"og:image:width\" content=\"793\" \/>\n\t<meta property=\"og:image:height\" content=\"402\" \/>\n\t<meta property=\"og:image:type\" content=\"image\/png\" \/>\n<meta name=\"twitter:card\" content=\"summary_large_image\" \/>\n<meta name=\"twitter:site\" content=\"@AJMonnet\" \/>\n<meta name=\"twitter:label1\" content=\"Szacowany czas czytania\" \/>\n\t<meta name=\"twitter:data1\" content=\"4 minuty\" \/>\n<script type=\"application\/ld+json\" class=\"yoast-schema-graph\">{\"@context\":\"https:\\\/\\\/schema.org\",\"@graph\":[{\"@type\":\"WebPage\",\"@id\":\"https:\\\/\\\/ajmonnet.eu\\\/westminster-alliance-for-ukraine\\\/\",\"url\":\"https:\\\/\\\/ajmonnet.eu\\\/westminster-alliance-for-ukraine\\\/\",\"name\":\"Westminster Alliance for Ukraine - Association Jean Monnet\",\"isPartOf\":{\"@id\":\"https:\\\/\\\/ajmonnet.eu\\\/#website\"},\"primaryImageOfPage\":{\"@id\":\"https:\\\/\\\/ajmonnet.eu\\\/westminster-alliance-for-ukraine\\\/#primaryimage\"},\"image\":{\"@id\":\"https:\\\/\\\/ajmonnet.eu\\\/westminster-alliance-for-ukraine\\\/#primaryimage\"},\"thumbnailUrl\":\"https:\\\/\\\/ajmonnet.eu\\\/wp-content\\\/uploads\\\/2025\\\/06\\\/2025-06-09_09h27_51.png\",\"datePublished\":\"2025-06-09T08:23:42+00:00\",\"dateModified\":\"2025-07-29T20:03:35+00:00\",\"description\":\"Soutenir l\u2019Ukraine et organiser une s\u00e9rie de Westminster Talks en Europe afin de construire un r\u00e9seau de parlementaires et d\u2019experts europ\u00e9ens.\",\"breadcrumb\":{\"@id\":\"https:\\\/\\\/ajmonnet.eu\\\/westminster-alliance-for-ukraine\\\/#breadcrumb\"},\"inLanguage\":\"pl-PL\",\"potentialAction\":[{\"@type\":\"ReadAction\",\"target\":[\"https:\\\/\\\/ajmonnet.eu\\\/westminster-alliance-for-ukraine\\\/\"]}]},{\"@type\":\"ImageObject\",\"inLanguage\":\"pl-PL\",\"@id\":\"https:\\\/\\\/ajmonnet.eu\\\/westminster-alliance-for-ukraine\\\/#primaryimage\",\"url\":\"https:\\\/\\\/ajmonnet.eu\\\/wp-content\\\/uploads\\\/2025\\\/06\\\/2025-06-09_09h27_51.png\",\"contentUrl\":\"https:\\\/\\\/ajmonnet.eu\\\/wp-content\\\/uploads\\\/2025\\\/06\\\/2025-06-09_09h27_51.png\",\"width\":793,\"height\":402},{\"@type\":\"BreadcrumbList\",\"@id\":\"https:\\\/\\\/ajmonnet.eu\\\/westminster-alliance-for-ukraine\\\/#breadcrumb\",\"itemListElement\":[{\"@type\":\"ListItem\",\"position\":1,\"name\":\"Home\",\"item\":\"https:\\\/\\\/ajmonnet.eu\\\/\"},{\"@type\":\"ListItem\",\"position\":2,\"name\":\"Westminster Alliance for Ukraine\"}]},{\"@type\":\"WebSite\",\"@id\":\"https:\\\/\\\/ajmonnet.eu\\\/#website\",\"url\":\"https:\\\/\\\/ajmonnet.eu\\\/\",\"name\":\"Association Jean Monnet\",\"description\":\"Faire vivre au temps pr\u00e9sent les id\u00e9es europ\u00e9ennes de Jean Monnet\",\"publisher\":{\"@id\":\"https:\\\/\\\/ajmonnet.eu\\\/#organization\"},\"alternateName\":\"AJM\",\"potentialAction\":[{\"@type\":\"SearchAction\",\"target\":{\"@type\":\"EntryPoint\",\"urlTemplate\":\"https:\\\/\\\/ajmonnet.eu\\\/?s={search_term_string}\"},\"query-input\":{\"@type\":\"PropertyValueSpecification\",\"valueRequired\":true,\"valueName\":\"search_term_string\"}}],\"inLanguage\":\"pl-PL\"},{\"@type\":\"Organization\",\"@id\":\"https:\\\/\\\/ajmonnet.eu\\\/#organization\",\"name\":\"ASSOCIATION JEAN MONNET\",\"alternateName\":\"AJM\",\"url\":\"https:\\\/\\\/ajmonnet.eu\\\/\",\"logo\":{\"@type\":\"ImageObject\",\"inLanguage\":\"pl-PL\",\"@id\":\"https:\\\/\\\/ajmonnet.eu\\\/#\\\/schema\\\/logo\\\/image\\\/\",\"url\":\"https:\\\/\\\/ajmonnet.eu\\\/wp-content\\\/uploads\\\/2022\\\/04\\\/AJM-Logo-Color.png\",\"contentUrl\":\"https:\\\/\\\/ajmonnet.eu\\\/wp-content\\\/uploads\\\/2022\\\/04\\\/AJM-Logo-Color.png\",\"width\":386,\"height\":241,\"caption\":\"ASSOCIATION JEAN MONNET\"},\"image\":{\"@id\":\"https:\\\/\\\/ajmonnet.eu\\\/#\\\/schema\\\/logo\\\/image\\\/\"},\"sameAs\":[\"https:\\\/\\\/www.facebook.com\\\/associationjeanmonnet\",\"https:\\\/\\\/x.com\\\/AJMonnet\",\"https:\\\/\\\/www.linkedin.com\\\/company\\\/association-jean-monnet\",\"https:\\\/\\\/bsky.app\\\/profile\\\/ajeanmonnet.bsky.social\"]}]}<\/script>\n<!-- \/ Yoast SEO plugin. -->","yoast_head_json":{"title":"Sojusz Westminsterski dla Ukrainy - Stowarzyszenie Jean Monnet","description":"Wspieranie Ukrainy i zorganizowanie serii rozm\u00f3w westminsterskich w Europie w celu zbudowania sieci europejskich parlamentarzyst\u00f3w i ekspert\u00f3w.","robots":{"index":"index","follow":"follow","max-snippet":"max-snippet:-1","max-image-preview":"max-image-preview:large","max-video-preview":"max-video-preview:-1"},"canonical":"https:\/\/ajmonnet.eu\/pl\/westminster-alliance-for-ukraine\/","og_locale":"pl_PL","og_type":"article","og_title":"Westminster Alliance for Ukraine - Association Jean Monnet","og_description":"Soutenir l\u2019Ukraine et organiser une s\u00e9rie de Westminster Talks en Europe afin de construire un r\u00e9seau de parlementaires et d\u2019experts europ\u00e9ens.","og_url":"https:\/\/ajmonnet.eu\/pl\/westminster-alliance-for-ukraine\/","og_site_name":"Association Jean Monnet","article_publisher":"https:\/\/www.facebook.com\/associationjeanmonnet","article_modified_time":"2025-07-29T20:03:35+00:00","og_image":[{"width":793,"height":402,"url":"https:\/\/ajmonnet.eu\/wp-content\/uploads\/2025\/06\/2025-06-09_09h27_51.png","type":"image\/png"}],"twitter_card":"summary_large_image","twitter_site":"@AJMonnet","twitter_misc":{"Szacowany czas czytania":"4 minuty"},"schema":{"@context":"https:\/\/schema.org","@graph":[{"@type":"WebPage","@id":"https:\/\/ajmonnet.eu\/westminster-alliance-for-ukraine\/","url":"https:\/\/ajmonnet.eu\/westminster-alliance-for-ukraine\/","name":"Sojusz Westminsterski dla Ukrainy - Stowarzyszenie Jean Monnet","isPartOf":{"@id":"https:\/\/ajmonnet.eu\/#website"},"primaryImageOfPage":{"@id":"https:\/\/ajmonnet.eu\/westminster-alliance-for-ukraine\/#primaryimage"},"image":{"@id":"https:\/\/ajmonnet.eu\/westminster-alliance-for-ukraine\/#primaryimage"},"thumbnailUrl":"https:\/\/ajmonnet.eu\/wp-content\/uploads\/2025\/06\/2025-06-09_09h27_51.png","datePublished":"2025-06-09T08:23:42+00:00","dateModified":"2025-07-29T20:03:35+00:00","description":"Wspieranie Ukrainy i zorganizowanie serii rozm\u00f3w westminsterskich w Europie w celu zbudowania sieci europejskich parlamentarzyst\u00f3w i ekspert\u00f3w.","breadcrumb":{"@id":"https:\/\/ajmonnet.eu\/westminster-alliance-for-ukraine\/#breadcrumb"},"inLanguage":"pl-PL","potentialAction":[{"@type":"ReadAction","target":["https:\/\/ajmonnet.eu\/westminster-alliance-for-ukraine\/"]}]},{"@type":"ImageObject","inLanguage":"pl-PL","@id":"https:\/\/ajmonnet.eu\/westminster-alliance-for-ukraine\/#primaryimage","url":"https:\/\/ajmonnet.eu\/wp-content\/uploads\/2025\/06\/2025-06-09_09h27_51.png","contentUrl":"https:\/\/ajmonnet.eu\/wp-content\/uploads\/2025\/06\/2025-06-09_09h27_51.png","width":793,"height":402},{"@type":"BreadcrumbList","@id":"https:\/\/ajmonnet.eu\/westminster-alliance-for-ukraine\/#breadcrumb","itemListElement":[{"@type":"ListItem","position":1,"name":"Home","item":"https:\/\/ajmonnet.eu\/"},{"@type":"ListItem","position":2,"name":"Westminster Alliance for Ukraine"}]},{"@type":"WebSite","@id":"https:\/\/ajmonnet.eu\/#website","url":"https:\/\/ajmonnet.eu\/","name":"Stowarzyszenie Jean Monnet","description":"O\u017cywienie idei europejskich Jeana Monneta we wsp\u00f3\u0142czesno\u015bci","publisher":{"@id":"https:\/\/ajmonnet.eu\/#organization"},"alternateName":"AJM","potentialAction":[{"@type":"SearchAction","target":{"@type":"EntryPoint","urlTemplate":"https:\/\/ajmonnet.eu\/?s={search_term_string}"},"query-input":{"@type":"PropertyValueSpecification","valueRequired":true,"valueName":"search_term_string"}}],"inLanguage":"pl-PL"},{"@type":"Organization","@id":"https:\/\/ajmonnet.eu\/#organization","name":"STOWARZYSZENIE JEAN MONNET","alternateName":"AJM","url":"https:\/\/ajmonnet.eu\/","logo":{"@type":"ImageObject","inLanguage":"pl-PL","@id":"https:\/\/ajmonnet.eu\/#\/schema\/logo\/image\/","url":"https:\/\/ajmonnet.eu\/wp-content\/uploads\/2022\/04\/AJM-Logo-Color.png","contentUrl":"https:\/\/ajmonnet.eu\/wp-content\/uploads\/2022\/04\/AJM-Logo-Color.png","width":386,"height":241,"caption":"ASSOCIATION JEAN MONNET"},"image":{"@id":"https:\/\/ajmonnet.eu\/#\/schema\/logo\/image\/"},"sameAs":["https:\/\/www.facebook.com\/associationjeanmonnet","https:\/\/x.com\/AJMonnet","https:\/\/www.linkedin.com\/company\/association-jean-monnet","https:\/\/bsky.app\/profile\/ajeanmonnet.bsky.social"]}]}},"_links":{"self":[{"href":"https:\/\/ajmonnet.eu\/pl\/wp-json\/wp\/v2\/pages\/4353","targetHints":{"allow":["GET"]}}],"collection":[{"href":"https:\/\/ajmonnet.eu\/pl\/wp-json\/wp\/v2\/pages"}],"about":[{"href":"https:\/\/ajmonnet.eu\/pl\/wp-json\/wp\/v2\/types\/page"}],"author":[{"embeddable":true,"href":"https:\/\/ajmonnet.eu\/pl\/wp-json\/wp\/v2\/users\/4"}],"replies":[{"embeddable":true,"href":"https:\/\/ajmonnet.eu\/pl\/wp-json\/wp\/v2\/comments?post=4353"}],"version-history":[{"count":16,"href":"https:\/\/ajmonnet.eu\/pl\/wp-json\/wp\/v2\/pages\/4353\/revisions"}],"predecessor-version":[{"id":4448,"href":"https:\/\/ajmonnet.eu\/pl\/wp-json\/wp\/v2\/pages\/4353\/revisions\/4448"}],"wp:featuredmedia":[{"embeddable":true,"href":"https:\/\/ajmonnet.eu\/pl\/wp-json\/wp\/v2\/media\/4356"}],"wp:attachment":[{"href":"https:\/\/ajmonnet.eu\/pl\/wp-json\/wp\/v2\/media?parent=4353"}],"curies":[{"name":"wp","href":"https:\/\/api.w.org\/{rel}","templated":true}]}}