{"id":4353,"date":"2025-06-09T10:23:42","date_gmt":"2025-06-09T08:23:42","guid":{"rendered":"https:\/\/ajmonnet.eu\/?page_id=4353"},"modified":"2025-07-29T22:03:35","modified_gmt":"2025-07-29T20:03:35","slug":"westminster-alliance-for-ukraine","status":"publish","type":"page","link":"https:\/\/ajmonnet.eu\/it\/westminster-alliance-for-ukraine\/","title":{"rendered":"Alleanza di Westminster per l'Ucraina"},"content":{"rendered":"<div class=\"wp-block-columns is-layout-flex wp-container-core-columns-is-layout-9d6595d7 wp-block-columns-is-layout-flex\">\n<div class=\"wp-block-column is-layout-flow wp-block-column-is-layout-flow\" style=\"flex-basis:66.66%\">\n<figure class=\"wp-block-image size-full\"><img loading=\"lazy\" decoding=\"async\" width=\"793\" height=\"533\" src=\"https:\/\/ajmonnet.eu\/wp-content\/uploads\/2025\/06\/2025-06-09_09h28_41-Modifie.png\" alt=\"\" class=\"wp-image-4363\" srcset=\"https:\/\/ajmonnet.eu\/wp-content\/uploads\/2025\/06\/2025-06-09_09h28_41-Modifie.png 793w, https:\/\/ajmonnet.eu\/wp-content\/uploads\/2025\/06\/2025-06-09_09h28_41-Modifie-300x202.png 300w, https:\/\/ajmonnet.eu\/wp-content\/uploads\/2025\/06\/2025-06-09_09h28_41-Modifie-768x516.png 768w, https:\/\/ajmonnet.eu\/wp-content\/uploads\/2025\/06\/2025-06-09_09h28_41-Modifie-18x12.png 18w\" sizes=\"auto, (max-width: 793px) 100vw, 793px\" \/><\/figure>\n\n\n\n<p>L'idea di Olivier V\u00e9drine \u00e8 stata quella di utilizzare il simbolo storico dell'alleanza tra il Regno Unito e la Francia Libera durante la Seconda Guerra Mondiale. Un richiamo ai ruoli eminenti svolti dal generale Charles de Gaulle, dal primo ministro britannico Winston Churchill e da Jean Monnet.<\/p>\n<\/div>\n\n\n\n<div class=\"wp-block-column is-layout-flow wp-block-column-is-layout-flow\" style=\"flex-basis:33.33%\">\n<p>Durante il Forum economico di Mikolajki, tenutosi in Polonia il 3 e 4 marzo 2025, Olivier V\u00e9drine ha proposto a Roger Casale di organizzare una conferenza al Parlamento di Westminster a sostegno dell'Ucraina, seguita da una serie di Westminster Talks in Europa per costruire una rete di parlamentari ed esperti europei.<\/p>\n<\/div>\n<\/div>\n\n\n\n<p><strong><em>Il discorso di Philippe Laurette del 13 maggio 2025<\/em><\/strong><\/p>\n\n\n\n<figure class=\"wp-block-embed aligncenter is-type-video is-provider-youtube wp-block-embed-youtube wp-embed-aspect-16-9 wp-has-aspect-ratio\"><div class=\"wp-block-embed__wrapper\">\n<iframe loading=\"lazy\" title=\"Laurette: La battaglia per l&#039;opinione pubblica va vinta per difendere l&#039;Europa e l&#039;Ucraina\" width=\"500\" height=\"281\" src=\"https:\/\/www.youtube.com\/embed\/A7LdkWMYsXs?feature=oembed\" frameborder=\"0\" allow=\"accelerometer; autoplay; clipboard-write; encrypted-media; gyroscope; picture-in-picture; web-share\" referrerpolicy=\"strict-origin-when-cross-origin\" allowfullscreen><\/iframe>\n<\/div><\/figure>\n\n\n\n<p>\"\u00a0<em>Ci\u00f2 che \u00e8 molto importante - e che tutti i partecipanti non devono dimenticare - \u00e8 la battaglia per l'opinione pubblica. Questo \u00e8 un punto cruciale. I parlamenti sono composti da parlamentari eletti, ma se questi parlamentari non hanno il sostegno dei cittadini che li votano, sar\u00e0 molto difficile continuare a sostenere l'Ucraina e difendere l'Europa nel suo complesso\", ha dichiarato Philippe Laurette, presidente dell'Associazione Jean Monnet e sostenitore dell'integrazione europea e del federalismo all'evento Westminster Alliance for Ukraine.<\/em> <em>Questa battaglia per l'opinione pubblica deve essere vinta, e tutti noi possiamo contribuirvi. \u00c8 essenziale. Sappiamo che in realt\u00e0 molte persone non conoscono i trattati, non li leggono e talvolta non li capiscono. Ma quello che la gente capisce, nella vita di tutti i giorni, \u00e8 che la sicurezza viene prima di tutto.<\/em>ha detto Laurette<\/p>\n\n\n\n<p><strong>Discorso di Olivier V\u00e9drine del 19 maggio 2025<\/strong><\/p>\n\n\n\n<figure class=\"wp-block-embed aligncenter is-type-video is-provider-youtube wp-block-embed-youtube wp-embed-aspect-16-9 wp-has-aspect-ratio\"><div class=\"wp-block-embed__wrapper\">\n<iframe loading=\"lazy\" title=\"Olivier V\u00e9drine: Smettere di aiutare l&#039;Ucraina a sopravvivere - Aiutare l&#039;Ucraina a vincere\" width=\"500\" height=\"281\" src=\"https:\/\/www.youtube.com\/embed\/I7KeyRxiTlc?start=2&#038;feature=oembed\" frameborder=\"0\" allow=\"accelerometer; autoplay; clipboard-write; encrypted-media; gyroscope; picture-in-picture; web-share\" referrerpolicy=\"strict-origin-when-cross-origin\" allowfullscreen><\/iframe>\n<\/div><\/figure>\n\n\n\n<p><em>\"La domanda chiave che dobbiamo porci \u00e8: \"Vogliamo che l'Ucraina sopravviva o che si ritiri dall'Europa? Vogliamo che l'Ucraina sopravviva o che vinca?<br>Negli ultimi tre anni, dall'invasione su larga scala, abbiamo fornito armi, ma spesso troppo poco e troppo tardi. Abbiamo parlato della flotta ombra - lo sapevamo, ma non abbiamo fatto nulla. Abbiamo parlato delle risorse russe - stiamo finalmente facendo qualcosa, ma ci \u00e8 voluto troppo tempo. La vera domanda \u00e8 questa: Vogliamo una vittoria ucraina o no? Finora abbiamo aiutato l'Ucraina a sopravvivere, a resistere, a sopportare. Ma la sopravvivenza non \u00e8 sufficiente.<\/em><\/p>\n\n\n\n<p><em>Abbiamo bisogno di una strategia concreta, non solo per far sopravvivere l'Ucraina, ma per vincere. E non si tratta solo dell'Ucraina. Se domani creiamo un nuovo \"S5\" o qualsiasi altro formato limitato che escluda l'Ucraina, potremmo scoprire che la Russia colpisce di nuovo - non in Ucraina, ma nei Paesi baltici o in Polonia.<\/em><\/p>\n\n\n\n<p><em>Per questo il nostro obiettivo - insieme a tutti i parlamentari europei e britannici, e speriamo anche agli Stati Uniti - deve essere quello di costruire una politica reale e influente. Non solo per indebolire la Russia. Non solo per sostenere l'Ucraina. Ma per aiutare l'Ucraina a vincere.<\/em><\/p>\n\n\n\n<p><em>Questa deve essere la nostra missione. Non c'\u00e8 altra domanda. L'Ucraina deve vincere - per la nostra libert\u00e0.<br>Siamo all'inizio di uno scenario che ricorda il periodo che precede la Seconda guerra mondiale. 1938. L'invasione della Cecoslovacchia. Poi la Polonia. Poi il resto dell'Europa.<br>Non dobbiamo ripetere questi errori.<br>Quindi, per favore, smettete di pensare di aiutare l'Ucraina a sopravvivere.<\/em><\/p>\n\n\n\n<p><em>Iniziate a pensare di aiutare l'Ucraina a vincere.<\/em><\/p>\n\n\n\n<hr class=\"wp-block-separator has-alpha-channel-opacity\"\/>\n\n\n\n<p>Per saperne di pi\u00f9 su tutti gli interventi, visitate il sito web <strong><a href=\"https:\/\/defendingdemocracy.global\/intro\/\">Difendere la democrazia e i diritti umani<\/a><\/strong><\/p>","protected":false},"excerpt":{"rendered":"<p>L\u2019id\u00e9e pour Olivier V\u00e9drine \u00e9tait d\u2019utiliser le symbole historique de l\u2019alliance entre le Royaume-Uni et la France Libre pendant la Seconde Guerre Mondiale. Un rappel des r\u00f4les \u00e9minents, du G\u00e9n\u00e9ral Charles de Gaulle, du Premier ministre britannique Winston Churchill et de Jean Monnet. Pendant le Forum \u00e9conomique de Mikolajki, en Pologne, les 3 et 4 [&hellip;]<\/p>\n","protected":false},"author":4,"featured_media":4356,"parent":0,"menu_order":0,"comment_status":"closed","ping_status":"closed","template":"","meta":{"_acf_changed":false,"footnotes":""},"class_list":["post-4353","page","type-page","status-publish","has-post-thumbnail","hentry"],"acf":[],"yoast_head":"<!-- This site is optimized with the Yoast SEO plugin v27.3 - https:\/\/yoast.com\/product\/yoast-seo-wordpress\/ -->\n<title>Westminster Alliance for Ukraine - Association Jean Monnet<\/title>\n<meta name=\"description\" content=\"Soutenir l\u2019Ukraine et organiser une s\u00e9rie de Westminster Talks en Europe afin de construire un r\u00e9seau de parlementaires et d\u2019experts europ\u00e9ens.\" \/>\n<meta name=\"robots\" content=\"index, follow, max-snippet:-1, max-image-preview:large, max-video-preview:-1\" \/>\n<link rel=\"canonical\" href=\"https:\/\/ajmonnet.eu\/it\/westminster-alliance-for-ukraine\/\" \/>\n<meta property=\"og:locale\" content=\"it_IT\" \/>\n<meta property=\"og:type\" content=\"article\" \/>\n<meta property=\"og:title\" content=\"Westminster Alliance for Ukraine - Association Jean Monnet\" \/>\n<meta property=\"og:description\" content=\"Soutenir l\u2019Ukraine et organiser une s\u00e9rie de Westminster Talks en Europe afin de construire un r\u00e9seau de parlementaires et d\u2019experts europ\u00e9ens.\" \/>\n<meta property=\"og:url\" content=\"https:\/\/ajmonnet.eu\/it\/westminster-alliance-for-ukraine\/\" \/>\n<meta property=\"og:site_name\" content=\"Association Jean Monnet\" \/>\n<meta property=\"article:publisher\" content=\"https:\/\/www.facebook.com\/associationjeanmonnet\" \/>\n<meta property=\"article:modified_time\" content=\"2025-07-29T20:03:35+00:00\" \/>\n<meta property=\"og:image\" content=\"https:\/\/ajmonnet.eu\/wp-content\/uploads\/2025\/06\/2025-06-09_09h27_51.png\" \/>\n\t<meta property=\"og:image:width\" content=\"793\" \/>\n\t<meta property=\"og:image:height\" content=\"402\" \/>\n\t<meta property=\"og:image:type\" content=\"image\/png\" \/>\n<meta name=\"twitter:card\" content=\"summary_large_image\" \/>\n<meta name=\"twitter:site\" content=\"@AJMonnet\" \/>\n<meta name=\"twitter:label1\" content=\"Tempo di lettura stimato\" \/>\n\t<meta name=\"twitter:data1\" content=\"4 minuti\" \/>\n<script type=\"application\/ld+json\" class=\"yoast-schema-graph\">{\"@context\":\"https:\\\/\\\/schema.org\",\"@graph\":[{\"@type\":\"WebPage\",\"@id\":\"https:\\\/\\\/ajmonnet.eu\\\/westminster-alliance-for-ukraine\\\/\",\"url\":\"https:\\\/\\\/ajmonnet.eu\\\/westminster-alliance-for-ukraine\\\/\",\"name\":\"Westminster Alliance for Ukraine - Association Jean Monnet\",\"isPartOf\":{\"@id\":\"https:\\\/\\\/ajmonnet.eu\\\/#website\"},\"primaryImageOfPage\":{\"@id\":\"https:\\\/\\\/ajmonnet.eu\\\/westminster-alliance-for-ukraine\\\/#primaryimage\"},\"image\":{\"@id\":\"https:\\\/\\\/ajmonnet.eu\\\/westminster-alliance-for-ukraine\\\/#primaryimage\"},\"thumbnailUrl\":\"https:\\\/\\\/ajmonnet.eu\\\/wp-content\\\/uploads\\\/2025\\\/06\\\/2025-06-09_09h27_51.png\",\"datePublished\":\"2025-06-09T08:23:42+00:00\",\"dateModified\":\"2025-07-29T20:03:35+00:00\",\"description\":\"Soutenir l\u2019Ukraine et organiser une s\u00e9rie de Westminster Talks en Europe afin de construire un r\u00e9seau de parlementaires et d\u2019experts europ\u00e9ens.\",\"breadcrumb\":{\"@id\":\"https:\\\/\\\/ajmonnet.eu\\\/westminster-alliance-for-ukraine\\\/#breadcrumb\"},\"inLanguage\":\"it-IT\",\"potentialAction\":[{\"@type\":\"ReadAction\",\"target\":[\"https:\\\/\\\/ajmonnet.eu\\\/westminster-alliance-for-ukraine\\\/\"]}]},{\"@type\":\"ImageObject\",\"inLanguage\":\"it-IT\",\"@id\":\"https:\\\/\\\/ajmonnet.eu\\\/westminster-alliance-for-ukraine\\\/#primaryimage\",\"url\":\"https:\\\/\\\/ajmonnet.eu\\\/wp-content\\\/uploads\\\/2025\\\/06\\\/2025-06-09_09h27_51.png\",\"contentUrl\":\"https:\\\/\\\/ajmonnet.eu\\\/wp-content\\\/uploads\\\/2025\\\/06\\\/2025-06-09_09h27_51.png\",\"width\":793,\"height\":402},{\"@type\":\"BreadcrumbList\",\"@id\":\"https:\\\/\\\/ajmonnet.eu\\\/westminster-alliance-for-ukraine\\\/#breadcrumb\",\"itemListElement\":[{\"@type\":\"ListItem\",\"position\":1,\"name\":\"Home\",\"item\":\"https:\\\/\\\/ajmonnet.eu\\\/\"},{\"@type\":\"ListItem\",\"position\":2,\"name\":\"Westminster Alliance for Ukraine\"}]},{\"@type\":\"WebSite\",\"@id\":\"https:\\\/\\\/ajmonnet.eu\\\/#website\",\"url\":\"https:\\\/\\\/ajmonnet.eu\\\/\",\"name\":\"Association Jean Monnet\",\"description\":\"Faire vivre au temps pr\u00e9sent les id\u00e9es europ\u00e9ennes de Jean Monnet\",\"publisher\":{\"@id\":\"https:\\\/\\\/ajmonnet.eu\\\/#organization\"},\"alternateName\":\"AJM\",\"potentialAction\":[{\"@type\":\"SearchAction\",\"target\":{\"@type\":\"EntryPoint\",\"urlTemplate\":\"https:\\\/\\\/ajmonnet.eu\\\/?s={search_term_string}\"},\"query-input\":{\"@type\":\"PropertyValueSpecification\",\"valueRequired\":true,\"valueName\":\"search_term_string\"}}],\"inLanguage\":\"it-IT\"},{\"@type\":\"Organization\",\"@id\":\"https:\\\/\\\/ajmonnet.eu\\\/#organization\",\"name\":\"ASSOCIATION JEAN MONNET\",\"alternateName\":\"AJM\",\"url\":\"https:\\\/\\\/ajmonnet.eu\\\/\",\"logo\":{\"@type\":\"ImageObject\",\"inLanguage\":\"it-IT\",\"@id\":\"https:\\\/\\\/ajmonnet.eu\\\/#\\\/schema\\\/logo\\\/image\\\/\",\"url\":\"https:\\\/\\\/ajmonnet.eu\\\/wp-content\\\/uploads\\\/2022\\\/04\\\/AJM-Logo-Color.png\",\"contentUrl\":\"https:\\\/\\\/ajmonnet.eu\\\/wp-content\\\/uploads\\\/2022\\\/04\\\/AJM-Logo-Color.png\",\"width\":386,\"height\":241,\"caption\":\"ASSOCIATION JEAN MONNET\"},\"image\":{\"@id\":\"https:\\\/\\\/ajmonnet.eu\\\/#\\\/schema\\\/logo\\\/image\\\/\"},\"sameAs\":[\"https:\\\/\\\/www.facebook.com\\\/associationjeanmonnet\",\"https:\\\/\\\/x.com\\\/AJMonnet\",\"https:\\\/\\\/www.linkedin.com\\\/company\\\/association-jean-monnet\",\"https:\\\/\\\/bsky.app\\\/profile\\\/ajeanmonnet.bsky.social\"]}]}<\/script>\n<!-- \/ Yoast SEO plugin. -->","yoast_head_json":{"title":"Alleanza Westminster per l'Ucraina - Associazione Jean Monnet","description":"Sostenere l'Ucraina e organizzare una serie di colloqui di Westminster in Europa per creare una rete di parlamentari ed esperti europei.","robots":{"index":"index","follow":"follow","max-snippet":"max-snippet:-1","max-image-preview":"max-image-preview:large","max-video-preview":"max-video-preview:-1"},"canonical":"https:\/\/ajmonnet.eu\/it\/westminster-alliance-for-ukraine\/","og_locale":"it_IT","og_type":"article","og_title":"Westminster Alliance for Ukraine - Association Jean Monnet","og_description":"Soutenir l\u2019Ukraine et organiser une s\u00e9rie de Westminster Talks en Europe afin de construire un r\u00e9seau de parlementaires et d\u2019experts europ\u00e9ens.","og_url":"https:\/\/ajmonnet.eu\/it\/westminster-alliance-for-ukraine\/","og_site_name":"Association Jean Monnet","article_publisher":"https:\/\/www.facebook.com\/associationjeanmonnet","article_modified_time":"2025-07-29T20:03:35+00:00","og_image":[{"width":793,"height":402,"url":"https:\/\/ajmonnet.eu\/wp-content\/uploads\/2025\/06\/2025-06-09_09h27_51.png","type":"image\/png"}],"twitter_card":"summary_large_image","twitter_site":"@AJMonnet","twitter_misc":{"Tempo di lettura stimato":"4 minuti"},"schema":{"@context":"https:\/\/schema.org","@graph":[{"@type":"WebPage","@id":"https:\/\/ajmonnet.eu\/westminster-alliance-for-ukraine\/","url":"https:\/\/ajmonnet.eu\/westminster-alliance-for-ukraine\/","name":"Alleanza Westminster per l'Ucraina - Associazione Jean Monnet","isPartOf":{"@id":"https:\/\/ajmonnet.eu\/#website"},"primaryImageOfPage":{"@id":"https:\/\/ajmonnet.eu\/westminster-alliance-for-ukraine\/#primaryimage"},"image":{"@id":"https:\/\/ajmonnet.eu\/westminster-alliance-for-ukraine\/#primaryimage"},"thumbnailUrl":"https:\/\/ajmonnet.eu\/wp-content\/uploads\/2025\/06\/2025-06-09_09h27_51.png","datePublished":"2025-06-09T08:23:42+00:00","dateModified":"2025-07-29T20:03:35+00:00","description":"Sostenere l'Ucraina e organizzare una serie di colloqui di Westminster in Europa per creare una rete di parlamentari ed esperti europei.","breadcrumb":{"@id":"https:\/\/ajmonnet.eu\/westminster-alliance-for-ukraine\/#breadcrumb"},"inLanguage":"it-IT","potentialAction":[{"@type":"ReadAction","target":["https:\/\/ajmonnet.eu\/westminster-alliance-for-ukraine\/"]}]},{"@type":"ImageObject","inLanguage":"it-IT","@id":"https:\/\/ajmonnet.eu\/westminster-alliance-for-ukraine\/#primaryimage","url":"https:\/\/ajmonnet.eu\/wp-content\/uploads\/2025\/06\/2025-06-09_09h27_51.png","contentUrl":"https:\/\/ajmonnet.eu\/wp-content\/uploads\/2025\/06\/2025-06-09_09h27_51.png","width":793,"height":402},{"@type":"BreadcrumbList","@id":"https:\/\/ajmonnet.eu\/westminster-alliance-for-ukraine\/#breadcrumb","itemListElement":[{"@type":"ListItem","position":1,"name":"Home","item":"https:\/\/ajmonnet.eu\/"},{"@type":"ListItem","position":2,"name":"Westminster Alliance for Ukraine"}]},{"@type":"WebSite","@id":"https:\/\/ajmonnet.eu\/#website","url":"https:\/\/ajmonnet.eu\/","name":"Associazione Jean Monnet","description":"Far rivivere le idee europee di Jean Monnet nel presente","publisher":{"@id":"https:\/\/ajmonnet.eu\/#organization"},"alternateName":"AJM","potentialAction":[{"@type":"SearchAction","target":{"@type":"EntryPoint","urlTemplate":"https:\/\/ajmonnet.eu\/?s={search_term_string}"},"query-input":{"@type":"PropertyValueSpecification","valueRequired":true,"valueName":"search_term_string"}}],"inLanguage":"it-IT"},{"@type":"Organization","@id":"https:\/\/ajmonnet.eu\/#organization","name":"ASSOCIAZIONE JEAN MONNET","alternateName":"AJM","url":"https:\/\/ajmonnet.eu\/","logo":{"@type":"ImageObject","inLanguage":"it-IT","@id":"https:\/\/ajmonnet.eu\/#\/schema\/logo\/image\/","url":"https:\/\/ajmonnet.eu\/wp-content\/uploads\/2022\/04\/AJM-Logo-Color.png","contentUrl":"https:\/\/ajmonnet.eu\/wp-content\/uploads\/2022\/04\/AJM-Logo-Color.png","width":386,"height":241,"caption":"ASSOCIATION JEAN MONNET"},"image":{"@id":"https:\/\/ajmonnet.eu\/#\/schema\/logo\/image\/"},"sameAs":["https:\/\/www.facebook.com\/associationjeanmonnet","https:\/\/x.com\/AJMonnet","https:\/\/www.linkedin.com\/company\/association-jean-monnet","https:\/\/bsky.app\/profile\/ajeanmonnet.bsky.social"]}]}},"_links":{"self":[{"href":"https:\/\/ajmonnet.eu\/it\/wp-json\/wp\/v2\/pages\/4353","targetHints":{"allow":["GET"]}}],"collection":[{"href":"https:\/\/ajmonnet.eu\/it\/wp-json\/wp\/v2\/pages"}],"about":[{"href":"https:\/\/ajmonnet.eu\/it\/wp-json\/wp\/v2\/types\/page"}],"author":[{"embeddable":true,"href":"https:\/\/ajmonnet.eu\/it\/wp-json\/wp\/v2\/users\/4"}],"replies":[{"embeddable":true,"href":"https:\/\/ajmonnet.eu\/it\/wp-json\/wp\/v2\/comments?post=4353"}],"version-history":[{"count":16,"href":"https:\/\/ajmonnet.eu\/it\/wp-json\/wp\/v2\/pages\/4353\/revisions"}],"predecessor-version":[{"id":4448,"href":"https:\/\/ajmonnet.eu\/it\/wp-json\/wp\/v2\/pages\/4353\/revisions\/4448"}],"wp:featuredmedia":[{"embeddable":true,"href":"https:\/\/ajmonnet.eu\/it\/wp-json\/wp\/v2\/media\/4356"}],"wp:attachment":[{"href":"https:\/\/ajmonnet.eu\/it\/wp-json\/wp\/v2\/media?parent=4353"}],"curies":[{"name":"wp","href":"https:\/\/api.w.org\/{rel}","templated":true}]}}