{"id":415,"date":"2022-03-23T22:57:06","date_gmt":"2022-03-23T22:57:06","guid":{"rendered":"https:\/\/ajmonnet.eu\/?page_id=415"},"modified":"2025-07-30T18:50:26","modified_gmt":"2025-07-30T16:50:26","slug":"about","status":"publish","type":"page","link":"https:\/\/ajmonnet.eu\/en\/about\/","title":{"rendered":"About"},"content":{"rendered":"","protected":false},"excerpt":{"rendered":"","protected":false},"author":4,"featured_media":0,"parent":0,"menu_order":0,"comment_status":"closed","ping_status":"closed","template":"","meta":{"_acf_changed":false,"footnotes":""},"class_list":["post-415","page","type-page","status-publish","hentry"],"acf":[],"yoast_head":"<!-- This site is optimized with the Yoast SEO plugin v27.3 - https:\/\/yoast.com\/product\/yoast-seo-wordpress\/ -->\n<title>About - Association Jean Monnet<\/title>\n<meta name=\"description\" content=\"L\u2019Association Jean Monnet, anciennement \u00abAssociation des amis de Jean Monnet \u00bb a \u00e9t\u00e9 cr\u00e9\u00e9e en 1986 par d\u2019anciens collaborateurs de Jean Monnet. Retrouvez son histoire li\u00e9e \u00e0 la Maison Jean Monnet, propri\u00e9t\u00e9 du Parlement Europ\u00e9en.\" \/>\n<meta name=\"robots\" content=\"index, follow, max-snippet:-1, max-image-preview:large, max-video-preview:-1\" \/>\n<link rel=\"canonical\" href=\"https:\/\/ajmonnet.eu\/en\/about\/\" \/>\n<meta property=\"og:locale\" content=\"en_GB\" \/>\n<meta property=\"og:type\" content=\"article\" \/>\n<meta property=\"og:title\" content=\"About - Association Jean Monnet\" \/>\n<meta property=\"og:description\" content=\"L\u2019Association Jean Monnet, anciennement \u00abAssociation des amis de Jean Monnet \u00bb a \u00e9t\u00e9 cr\u00e9\u00e9e en 1986 par d\u2019anciens collaborateurs de Jean Monnet. Retrouvez son histoire li\u00e9e \u00e0 la Maison Jean Monnet, propri\u00e9t\u00e9 du Parlement Europ\u00e9en.\" \/>\n<meta property=\"og:url\" content=\"https:\/\/ajmonnet.eu\/en\/about\/\" \/>\n<meta property=\"og:site_name\" content=\"Association Jean Monnet\" \/>\n<meta property=\"article:publisher\" content=\"https:\/\/www.facebook.com\/associationjeanmonnet\" \/>\n<meta property=\"article:modified_time\" content=\"2025-07-30T16:50:26+00:00\" \/>\n<meta property=\"og:image\" content=\"https:\/\/ajmonnet.eu\/wp-content\/uploads\/2022\/04\/AJM-Logo-Color.png\" \/>\n\t<meta property=\"og:image:width\" content=\"386\" \/>\n\t<meta property=\"og:image:height\" content=\"241\" \/>\n\t<meta property=\"og:image:type\" content=\"image\/png\" \/>\n<meta name=\"twitter:card\" content=\"summary_large_image\" \/>\n<meta name=\"twitter:site\" content=\"@AJMonnet\" \/>\n<script type=\"application\/ld+json\" class=\"yoast-schema-graph\">{\"@context\":\"https:\\\/\\\/schema.org\",\"@graph\":[{\"@type\":\"WebPage\",\"@id\":\"https:\\\/\\\/ajmonnet.eu\\\/about\\\/\",\"url\":\"https:\\\/\\\/ajmonnet.eu\\\/about\\\/\",\"name\":\"About - Association Jean Monnet\",\"isPartOf\":{\"@id\":\"https:\\\/\\\/ajmonnet.eu\\\/#website\"},\"datePublished\":\"2022-03-23T22:57:06+00:00\",\"dateModified\":\"2025-07-30T16:50:26+00:00\",\"description\":\"L\u2019Association Jean Monnet, anciennement \u00abAssociation des amis de Jean Monnet \u00bb a \u00e9t\u00e9 cr\u00e9\u00e9e en 1986 par d\u2019anciens collaborateurs de Jean Monnet. Retrouvez son histoire li\u00e9e \u00e0 la Maison Jean Monnet, propri\u00e9t\u00e9 du Parlement Europ\u00e9en.\",\"breadcrumb\":{\"@id\":\"https:\\\/\\\/ajmonnet.eu\\\/about\\\/#breadcrumb\"},\"inLanguage\":\"en-GB\",\"potentialAction\":[{\"@type\":\"ReadAction\",\"target\":[\"https:\\\/\\\/ajmonnet.eu\\\/about\\\/\"]}]},{\"@type\":\"BreadcrumbList\",\"@id\":\"https:\\\/\\\/ajmonnet.eu\\\/about\\\/#breadcrumb\",\"itemListElement\":[{\"@type\":\"ListItem\",\"position\":1,\"name\":\"Home\",\"item\":\"https:\\\/\\\/ajmonnet.eu\\\/\"},{\"@type\":\"ListItem\",\"position\":2,\"name\":\"About\"}]},{\"@type\":\"WebSite\",\"@id\":\"https:\\\/\\\/ajmonnet.eu\\\/#website\",\"url\":\"https:\\\/\\\/ajmonnet.eu\\\/\",\"name\":\"Association Jean Monnet\",\"description\":\"Faire vivre au temps pr\u00e9sent les id\u00e9es europ\u00e9ennes de Jean Monnet\",\"publisher\":{\"@id\":\"https:\\\/\\\/ajmonnet.eu\\\/#organization\"},\"alternateName\":\"AJM\",\"potentialAction\":[{\"@type\":\"SearchAction\",\"target\":{\"@type\":\"EntryPoint\",\"urlTemplate\":\"https:\\\/\\\/ajmonnet.eu\\\/?s={search_term_string}\"},\"query-input\":{\"@type\":\"PropertyValueSpecification\",\"valueRequired\":true,\"valueName\":\"search_term_string\"}}],\"inLanguage\":\"en-GB\"},{\"@type\":\"Organization\",\"@id\":\"https:\\\/\\\/ajmonnet.eu\\\/#organization\",\"name\":\"ASSOCIATION JEAN MONNET\",\"alternateName\":\"AJM\",\"url\":\"https:\\\/\\\/ajmonnet.eu\\\/\",\"logo\":{\"@type\":\"ImageObject\",\"inLanguage\":\"en-GB\",\"@id\":\"https:\\\/\\\/ajmonnet.eu\\\/#\\\/schema\\\/logo\\\/image\\\/\",\"url\":\"https:\\\/\\\/ajmonnet.eu\\\/wp-content\\\/uploads\\\/2022\\\/04\\\/AJM-Logo-Color.png\",\"contentUrl\":\"https:\\\/\\\/ajmonnet.eu\\\/wp-content\\\/uploads\\\/2022\\\/04\\\/AJM-Logo-Color.png\",\"width\":386,\"height\":241,\"caption\":\"ASSOCIATION JEAN MONNET\"},\"image\":{\"@id\":\"https:\\\/\\\/ajmonnet.eu\\\/#\\\/schema\\\/logo\\\/image\\\/\"},\"sameAs\":[\"https:\\\/\\\/www.facebook.com\\\/associationjeanmonnet\",\"https:\\\/\\\/x.com\\\/AJMonnet\",\"https:\\\/\\\/www.linkedin.com\\\/company\\\/association-jean-monnet\",\"https:\\\/\\\/bsky.app\\\/profile\\\/ajeanmonnet.bsky.social\"]}]}<\/script>\n<!-- \/ Yoast SEO plugin. -->","yoast_head_json":{"title":"About - Association Jean Monnet","description":"The Jean Monnet Association, formerly the \"Association des amis de Jean Monnet\", was founded in 1986 by former collaborators of Jean Monnet. Find out more about its history in connection with the Maison Jean Monnet, owned by the European Parliament.","robots":{"index":"index","follow":"follow","max-snippet":"max-snippet:-1","max-image-preview":"max-image-preview:large","max-video-preview":"max-video-preview:-1"},"canonical":"https:\/\/ajmonnet.eu\/en\/about\/","og_locale":"en_GB","og_type":"article","og_title":"About - Association Jean Monnet","og_description":"L\u2019Association Jean Monnet, anciennement \u00abAssociation des amis de Jean Monnet \u00bb a \u00e9t\u00e9 cr\u00e9\u00e9e en 1986 par d\u2019anciens collaborateurs de Jean Monnet. Retrouvez son histoire li\u00e9e \u00e0 la Maison Jean Monnet, propri\u00e9t\u00e9 du Parlement Europ\u00e9en.","og_url":"https:\/\/ajmonnet.eu\/en\/about\/","og_site_name":"Association Jean Monnet","article_publisher":"https:\/\/www.facebook.com\/associationjeanmonnet","article_modified_time":"2025-07-30T16:50:26+00:00","og_image":[{"width":386,"height":241,"url":"https:\/\/ajmonnet.eu\/wp-content\/uploads\/2022\/04\/AJM-Logo-Color.png","type":"image\/png"}],"twitter_card":"summary_large_image","twitter_site":"@AJMonnet","schema":{"@context":"https:\/\/schema.org","@graph":[{"@type":"WebPage","@id":"https:\/\/ajmonnet.eu\/about\/","url":"https:\/\/ajmonnet.eu\/about\/","name":"About - Association Jean Monnet","isPartOf":{"@id":"https:\/\/ajmonnet.eu\/#website"},"datePublished":"2022-03-23T22:57:06+00:00","dateModified":"2025-07-30T16:50:26+00:00","description":"The Jean Monnet Association, formerly the \"Association des amis de Jean Monnet\", was founded in 1986 by former collaborators of Jean Monnet. Find out more about its history in connection with the Maison Jean Monnet, owned by the European Parliament.","breadcrumb":{"@id":"https:\/\/ajmonnet.eu\/about\/#breadcrumb"},"inLanguage":"en-GB","potentialAction":[{"@type":"ReadAction","target":["https:\/\/ajmonnet.eu\/about\/"]}]},{"@type":"BreadcrumbList","@id":"https:\/\/ajmonnet.eu\/about\/#breadcrumb","itemListElement":[{"@type":"ListItem","position":1,"name":"Home","item":"https:\/\/ajmonnet.eu\/"},{"@type":"ListItem","position":2,"name":"About"}]},{"@type":"WebSite","@id":"https:\/\/ajmonnet.eu\/#website","url":"https:\/\/ajmonnet.eu\/","name":"Jean Monnet Association","description":"Bringing Jean Monnet's European ideas to life in the present","publisher":{"@id":"https:\/\/ajmonnet.eu\/#organization"},"alternateName":"AJM","potentialAction":[{"@type":"SearchAction","target":{"@type":"EntryPoint","urlTemplate":"https:\/\/ajmonnet.eu\/?s={search_term_string}"},"query-input":{"@type":"PropertyValueSpecification","valueRequired":true,"valueName":"search_term_string"}}],"inLanguage":"en-GB"},{"@type":"Organization","@id":"https:\/\/ajmonnet.eu\/#organization","name":"ASSOCIATION JEAN MONNET","alternateName":"AJM","url":"https:\/\/ajmonnet.eu\/","logo":{"@type":"ImageObject","inLanguage":"en-GB","@id":"https:\/\/ajmonnet.eu\/#\/schema\/logo\/image\/","url":"https:\/\/ajmonnet.eu\/wp-content\/uploads\/2022\/04\/AJM-Logo-Color.png","contentUrl":"https:\/\/ajmonnet.eu\/wp-content\/uploads\/2022\/04\/AJM-Logo-Color.png","width":386,"height":241,"caption":"ASSOCIATION JEAN MONNET"},"image":{"@id":"https:\/\/ajmonnet.eu\/#\/schema\/logo\/image\/"},"sameAs":["https:\/\/www.facebook.com\/associationjeanmonnet","https:\/\/x.com\/AJMonnet","https:\/\/www.linkedin.com\/company\/association-jean-monnet","https:\/\/bsky.app\/profile\/ajeanmonnet.bsky.social"]}]}},"_links":{"self":[{"href":"https:\/\/ajmonnet.eu\/en\/wp-json\/wp\/v2\/pages\/415","targetHints":{"allow":["GET"]}}],"collection":[{"href":"https:\/\/ajmonnet.eu\/en\/wp-json\/wp\/v2\/pages"}],"about":[{"href":"https:\/\/ajmonnet.eu\/en\/wp-json\/wp\/v2\/types\/page"}],"author":[{"embeddable":true,"href":"https:\/\/ajmonnet.eu\/en\/wp-json\/wp\/v2\/users\/4"}],"replies":[{"embeddable":true,"href":"https:\/\/ajmonnet.eu\/en\/wp-json\/wp\/v2\/comments?post=415"}],"version-history":[{"count":107,"href":"https:\/\/ajmonnet.eu\/en\/wp-json\/wp\/v2\/pages\/415\/revisions"}],"predecessor-version":[{"id":4227,"href":"https:\/\/ajmonnet.eu\/en\/wp-json\/wp\/v2\/pages\/415\/revisions\/4227"}],"wp:attachment":[{"href":"https:\/\/ajmonnet.eu\/en\/wp-json\/wp\/v2\/media?parent=415"}],"curies":[{"name":"wp","href":"https:\/\/api.w.org\/{rel}","templated":true}]}}