{"id":8,"date":"2022-03-22T15:21:30","date_gmt":"2022-03-22T15:21:30","guid":{"rendered":"https:\/\/ajmonnet.eu\/?page_id=8"},"modified":"2026-01-18T18:36:24","modified_gmt":"2026-01-18T16:36:24","slug":"accueil-association-jean-monnet","status":"publish","type":"page","link":"https:\/\/ajmonnet.eu\/de\/","title":{"rendered":"Jean-Monnet-Vereinigung"},"content":{"rendered":"","protected":false},"excerpt":{"rendered":"","protected":false},"author":4,"featured_media":0,"parent":0,"menu_order":0,"comment_status":"closed","ping_status":"closed","template":"","meta":{"_acf_changed":false,"footnotes":""},"class_list":["post-8","page","type-page","status-publish","hentry"],"acf":[],"yoast_head":"<!-- This site is optimized with the Yoast SEO plugin v27.3 - https:\/\/yoast.com\/product\/yoast-seo-wordpress\/ -->\n<title>Association Jean Monnet - Faire vivre au temps pr\u00e9sent les id\u00e9es europ\u00e9ennes de Jean Monnet<\/title>\n<meta name=\"description\" content=\"L\u2019Association Jean Monnet, anciennement \u00abAssociation des amis de Jean Monnet \u00bb a \u00e9t\u00e9 cr\u00e9\u00e9e en 1986 par d\u2019anciens collaborateurs de Jean Monnet. Think Tank d&#039;influence europ\u00e9enne, l&#039;association Jean Monnet s&#039;\u00e9vertue \u00e0 faire vivre au temps pr\u00e9sent les id\u00e9es europ\u00e9ennes de Jean Monnet.\" \/>\n<meta name=\"robots\" content=\"index, follow, max-snippet:-1, max-image-preview:large, max-video-preview:-1\" \/>\n<link rel=\"canonical\" href=\"https:\/\/ajmonnet.eu\/de\/\" \/>\n<meta property=\"og:locale\" content=\"de_DE\" \/>\n<meta property=\"og:type\" content=\"article\" \/>\n<meta property=\"og:title\" content=\"Association Jean Monnet - Faire vivre au temps pr\u00e9sent les id\u00e9es europ\u00e9ennes de Jean Monnet\" \/>\n<meta property=\"og:description\" content=\"L\u2019Association Jean Monnet, anciennement \u00abAssociation des amis de Jean Monnet \u00bb a \u00e9t\u00e9 cr\u00e9\u00e9e en 1986 par d\u2019anciens collaborateurs de Jean Monnet. Think Tank d&#039;influence europ\u00e9enne, l&#039;association Jean Monnet s&#039;\u00e9vertue \u00e0 faire vivre au temps pr\u00e9sent les id\u00e9es europ\u00e9ennes de Jean Monnet.\" \/>\n<meta property=\"og:url\" content=\"https:\/\/ajmonnet.eu\/de\/\" \/>\n<meta property=\"og:site_name\" content=\"Association Jean Monnet\" \/>\n<meta property=\"article:publisher\" content=\"https:\/\/www.facebook.com\/associationjeanmonnet\" \/>\n<meta property=\"article:modified_time\" content=\"2026-01-18T16:36:24+00:00\" \/>\n<meta property=\"og:image\" content=\"https:\/\/ajmonnet.eu\/wp-content\/uploads\/2022\/04\/AJM-Logo-Color.png\" \/>\n\t<meta property=\"og:image:width\" content=\"386\" \/>\n\t<meta property=\"og:image:height\" content=\"241\" \/>\n\t<meta property=\"og:image:type\" content=\"image\/png\" \/>\n<meta name=\"twitter:card\" content=\"summary_large_image\" \/>\n<meta name=\"twitter:site\" content=\"@AJMonnet\" \/>\n<script type=\"application\/ld+json\" class=\"yoast-schema-graph\">{\"@context\":\"https:\\\/\\\/schema.org\",\"@graph\":[{\"@type\":\"WebPage\",\"@id\":\"https:\\\/\\\/ajmonnet.eu\\\/\",\"url\":\"https:\\\/\\\/ajmonnet.eu\\\/\",\"name\":\"Association Jean Monnet - Faire vivre au temps pr\u00e9sent les id\u00e9es europ\u00e9ennes de Jean Monnet\",\"isPartOf\":{\"@id\":\"https:\\\/\\\/ajmonnet.eu\\\/#website\"},\"datePublished\":\"2022-03-22T15:21:30+00:00\",\"dateModified\":\"2026-01-18T16:36:24+00:00\",\"description\":\"L\u2019Association Jean Monnet, anciennement \u00abAssociation des amis de Jean Monnet \u00bb a \u00e9t\u00e9 cr\u00e9\u00e9e en 1986 par d\u2019anciens collaborateurs de Jean Monnet. Think Tank d'influence europ\u00e9enne, l'association Jean Monnet s'\u00e9vertue \u00e0 faire vivre au temps pr\u00e9sent les id\u00e9es europ\u00e9ennes de Jean Monnet.\",\"breadcrumb\":{\"@id\":\"https:\\\/\\\/ajmonnet.eu\\\/#breadcrumb\"},\"inLanguage\":\"de\",\"potentialAction\":[{\"@type\":\"ReadAction\",\"target\":[\"https:\\\/\\\/ajmonnet.eu\\\/\"]}]},{\"@type\":\"BreadcrumbList\",\"@id\":\"https:\\\/\\\/ajmonnet.eu\\\/#breadcrumb\",\"itemListElement\":[{\"@type\":\"ListItem\",\"position\":1,\"name\":\"Home\",\"item\":\"https:\\\/\\\/ajmonnet.eu\\\/\"},{\"@type\":\"ListItem\",\"position\":2,\"name\":\"Association Jean Monnet\"}]},{\"@type\":\"WebSite\",\"@id\":\"https:\\\/\\\/ajmonnet.eu\\\/#website\",\"url\":\"https:\\\/\\\/ajmonnet.eu\\\/\",\"name\":\"Association Jean Monnet\",\"description\":\"Faire vivre au temps pr\u00e9sent les id\u00e9es europ\u00e9ennes de Jean Monnet\",\"publisher\":{\"@id\":\"https:\\\/\\\/ajmonnet.eu\\\/#organization\"},\"alternateName\":\"AJM\",\"potentialAction\":[{\"@type\":\"SearchAction\",\"target\":{\"@type\":\"EntryPoint\",\"urlTemplate\":\"https:\\\/\\\/ajmonnet.eu\\\/?s={search_term_string}\"},\"query-input\":{\"@type\":\"PropertyValueSpecification\",\"valueRequired\":true,\"valueName\":\"search_term_string\"}}],\"inLanguage\":\"de\"},{\"@type\":\"Organization\",\"@id\":\"https:\\\/\\\/ajmonnet.eu\\\/#organization\",\"name\":\"ASSOCIATION JEAN MONNET\",\"alternateName\":\"AJM\",\"url\":\"https:\\\/\\\/ajmonnet.eu\\\/\",\"logo\":{\"@type\":\"ImageObject\",\"inLanguage\":\"de\",\"@id\":\"https:\\\/\\\/ajmonnet.eu\\\/#\\\/schema\\\/logo\\\/image\\\/\",\"url\":\"https:\\\/\\\/ajmonnet.eu\\\/wp-content\\\/uploads\\\/2022\\\/04\\\/AJM-Logo-Color.png\",\"contentUrl\":\"https:\\\/\\\/ajmonnet.eu\\\/wp-content\\\/uploads\\\/2022\\\/04\\\/AJM-Logo-Color.png\",\"width\":386,\"height\":241,\"caption\":\"ASSOCIATION JEAN MONNET\"},\"image\":{\"@id\":\"https:\\\/\\\/ajmonnet.eu\\\/#\\\/schema\\\/logo\\\/image\\\/\"},\"sameAs\":[\"https:\\\/\\\/www.facebook.com\\\/associationjeanmonnet\",\"https:\\\/\\\/x.com\\\/AJMonnet\",\"https:\\\/\\\/www.linkedin.com\\\/company\\\/association-jean-monnet\",\"https:\\\/\\\/bsky.app\\\/profile\\\/ajeanmonnet.bsky.social\"]}]}<\/script>\n<!-- \/ Yoast SEO plugin. -->","yoast_head_json":{"title":"Association Jean Monnet - Faire vivre au temps pr\u00e9sent les id\u00e9es europ\u00e9ennes de Jean Monnet","description":"Die Association Jean Monnet, fr\u00fcher \"Association des amis de Jean Monnet\", wurde 1986 von ehemaligen Mitarbeitern Jean Monnets gegr\u00fcndet. Als Think Tank mit europ\u00e4ischem Einfluss bem\u00fcht sich die Association Jean Monnet darum, die europ\u00e4ischen Ideen von Jean Monnet in der heutigen Zeit weiterleben zu lassen.","robots":{"index":"index","follow":"follow","max-snippet":"max-snippet:-1","max-image-preview":"max-image-preview:large","max-video-preview":"max-video-preview:-1"},"canonical":"https:\/\/ajmonnet.eu\/de\/","og_locale":"de_DE","og_type":"article","og_title":"Association Jean Monnet - Faire vivre au temps pr\u00e9sent les id\u00e9es europ\u00e9ennes de Jean Monnet","og_description":"L\u2019Association Jean Monnet, anciennement \u00abAssociation des amis de Jean Monnet \u00bb a \u00e9t\u00e9 cr\u00e9\u00e9e en 1986 par d\u2019anciens collaborateurs de Jean Monnet. Think Tank d'influence europ\u00e9enne, l'association Jean Monnet s'\u00e9vertue \u00e0 faire vivre au temps pr\u00e9sent les id\u00e9es europ\u00e9ennes de Jean Monnet.","og_url":"https:\/\/ajmonnet.eu\/de\/","og_site_name":"Association Jean Monnet","article_publisher":"https:\/\/www.facebook.com\/associationjeanmonnet","article_modified_time":"2026-01-18T16:36:24+00:00","og_image":[{"width":386,"height":241,"url":"https:\/\/ajmonnet.eu\/wp-content\/uploads\/2022\/04\/AJM-Logo-Color.png","type":"image\/png"}],"twitter_card":"summary_large_image","twitter_site":"@AJMonnet","schema":{"@context":"https:\/\/schema.org","@graph":[{"@type":"WebPage","@id":"https:\/\/ajmonnet.eu\/","url":"https:\/\/ajmonnet.eu\/","name":"Association Jean Monnet - Faire vivre au temps pr\u00e9sent les id\u00e9es europ\u00e9ennes de Jean Monnet","isPartOf":{"@id":"https:\/\/ajmonnet.eu\/#website"},"datePublished":"2022-03-22T15:21:30+00:00","dateModified":"2026-01-18T16:36:24+00:00","description":"Die Association Jean Monnet, fr\u00fcher \"Association des amis de Jean Monnet\", wurde 1986 von ehemaligen Mitarbeitern Jean Monnets gegr\u00fcndet. Als Think Tank mit europ\u00e4ischem Einfluss bem\u00fcht sich die Association Jean Monnet darum, die europ\u00e4ischen Ideen von Jean Monnet in der heutigen Zeit weiterleben zu lassen.","breadcrumb":{"@id":"https:\/\/ajmonnet.eu\/#breadcrumb"},"inLanguage":"de","potentialAction":[{"@type":"ReadAction","target":["https:\/\/ajmonnet.eu\/"]}]},{"@type":"BreadcrumbList","@id":"https:\/\/ajmonnet.eu\/#breadcrumb","itemListElement":[{"@type":"ListItem","position":1,"name":"Home","item":"https:\/\/ajmonnet.eu\/"},{"@type":"ListItem","position":2,"name":"Association Jean Monnet"}]},{"@type":"WebSite","@id":"https:\/\/ajmonnet.eu\/#website","url":"https:\/\/ajmonnet.eu\/","name":"Jean-Monnet-Vereinigung","description":"Die europ\u00e4ischen Ideen von Jean Monnet in der heutigen Zeit weiterleben lassen","publisher":{"@id":"https:\/\/ajmonnet.eu\/#organization"},"alternateName":"AJM","potentialAction":[{"@type":"SearchAction","target":{"@type":"EntryPoint","urlTemplate":"https:\/\/ajmonnet.eu\/?s={search_term_string}"},"query-input":{"@type":"PropertyValueSpecification","valueRequired":true,"valueName":"search_term_string"}}],"inLanguage":"de"},{"@type":"Organization","@id":"https:\/\/ajmonnet.eu\/#organization","name":"VEREIN JEAN MONNET","alternateName":"AJM","url":"https:\/\/ajmonnet.eu\/","logo":{"@type":"ImageObject","inLanguage":"de","@id":"https:\/\/ajmonnet.eu\/#\/schema\/logo\/image\/","url":"https:\/\/ajmonnet.eu\/wp-content\/uploads\/2022\/04\/AJM-Logo-Color.png","contentUrl":"https:\/\/ajmonnet.eu\/wp-content\/uploads\/2022\/04\/AJM-Logo-Color.png","width":386,"height":241,"caption":"ASSOCIATION JEAN MONNET"},"image":{"@id":"https:\/\/ajmonnet.eu\/#\/schema\/logo\/image\/"},"sameAs":["https:\/\/www.facebook.com\/associationjeanmonnet","https:\/\/x.com\/AJMonnet","https:\/\/www.linkedin.com\/company\/association-jean-monnet","https:\/\/bsky.app\/profile\/ajeanmonnet.bsky.social"]}]}},"_links":{"self":[{"href":"https:\/\/ajmonnet.eu\/de\/wp-json\/wp\/v2\/pages\/8","targetHints":{"allow":["GET"]}}],"collection":[{"href":"https:\/\/ajmonnet.eu\/de\/wp-json\/wp\/v2\/pages"}],"about":[{"href":"https:\/\/ajmonnet.eu\/de\/wp-json\/wp\/v2\/types\/page"}],"author":[{"embeddable":true,"href":"https:\/\/ajmonnet.eu\/de\/wp-json\/wp\/v2\/users\/4"}],"replies":[{"embeddable":true,"href":"https:\/\/ajmonnet.eu\/de\/wp-json\/wp\/v2\/comments?post=8"}],"version-history":[{"count":67,"href":"https:\/\/ajmonnet.eu\/de\/wp-json\/wp\/v2\/pages\/8\/revisions"}],"predecessor-version":[{"id":4592,"href":"https:\/\/ajmonnet.eu\/de\/wp-json\/wp\/v2\/pages\/8\/revisions\/4592"}],"wp:attachment":[{"href":"https:\/\/ajmonnet.eu\/de\/wp-json\/wp\/v2\/media?parent=8"}],"curies":[{"name":"wp","href":"https:\/\/api.w.org\/{rel}","templated":true}]}}