{"id":4353,"date":"2025-06-09T10:23:42","date_gmt":"2025-06-09T08:23:42","guid":{"rendered":"https:\/\/ajmonnet.eu\/?page_id=4353"},"modified":"2025-07-29T22:03:35","modified_gmt":"2025-07-29T20:03:35","slug":"westminster-alliance-for-ukraine","status":"publish","type":"page","link":"http:\/\/ajmonnet.eu\/pt\/westminster-alliance-for-ukraine\/","title":{"rendered":"Alian\u00e7a de Westminster para a Ucr\u00e2nia"},"content":{"rendered":"<div class=\"wp-block-columns is-layout-flex wp-container-core-columns-is-layout-9d6595d7 wp-block-columns-is-layout-flex\">\n<div class=\"wp-block-column is-layout-flow wp-block-column-is-layout-flow\" style=\"flex-basis:66.66%\">\n<figure class=\"wp-block-image size-full\"><img loading=\"lazy\" decoding=\"async\" width=\"793\" height=\"533\" src=\"https:\/\/ajmonnet.eu\/wp-content\/uploads\/2025\/06\/2025-06-09_09h28_41-Modifie.png\" alt=\"\" class=\"wp-image-4363\" srcset=\"https:\/\/ajmonnet.eu\/wp-content\/uploads\/2025\/06\/2025-06-09_09h28_41-Modifie.png 793w, https:\/\/ajmonnet.eu\/wp-content\/uploads\/2025\/06\/2025-06-09_09h28_41-Modifie-300x202.png 300w, https:\/\/ajmonnet.eu\/wp-content\/uploads\/2025\/06\/2025-06-09_09h28_41-Modifie-768x516.png 768w, https:\/\/ajmonnet.eu\/wp-content\/uploads\/2025\/06\/2025-06-09_09h28_41-Modifie-18x12.png 18w\" sizes=\"auto, (max-width: 793px) 100vw, 793px\" \/><\/figure>\n\n\n\n<p>A ideia de Olivier V\u00e9drine era utilizar o s\u00edmbolo hist\u00f3rico da alian\u00e7a entre o Reino Unido e a Fran\u00e7a Livre durante a Segunda Guerra Mundial. Uma recorda\u00e7\u00e3o dos pap\u00e9is eminentes desempenhados pelo General Charles de Gaulle, pelo Primeiro-Ministro brit\u00e2nico Winston Churchill e por Jean Monnet.<\/p>\n<\/div>\n\n\n\n<div class=\"wp-block-column is-layout-flow wp-block-column-is-layout-flow\" style=\"flex-basis:33.33%\">\n<p>Durante o F\u00f3rum Econ\u00f3mico de Mikolajki, na Pol\u00f3nia, em 3 e 4 de mar\u00e7o de 2025, Olivier V\u00e9drine prop\u00f4s a Roger Casale que organizasse uma confer\u00eancia no Parlamento de Westminster em apoio \u00e0 Ucr\u00e2nia, seguida de uma s\u00e9rie de Westminster Talks na Europa para criar uma rede de parlamentares e peritos europeus.<\/p>\n<\/div>\n<\/div>\n\n\n\n<p><strong><em>Discurso de Philippe Laurette em 13 de maio de 2025<\/em><\/strong><\/p>\n\n\n\n<figure class=\"wp-block-embed aligncenter is-type-video is-provider-youtube wp-block-embed-youtube wp-embed-aspect-16-9 wp-has-aspect-ratio\"><div class=\"wp-block-embed__wrapper\">\n<iframe loading=\"lazy\" title=\"Laurette: A batalha pela opini\u00e3o p\u00fablica deve ser ganha para defender a Europa e a Ucr\u00e2nia\" width=\"500\" height=\"281\" src=\"https:\/\/www.youtube.com\/embed\/A7LdkWMYsXs?feature=oembed\" frameborder=\"0\" allow=\"accelerometer; autoplay; clipboard-write; encrypted-media; gyroscope; picture-in-picture; web-share\" referrerpolicy=\"strict-origin-when-cross-origin\" allowfullscreen><\/iframe>\n<\/div><\/figure>\n\n\n\n<p>\"\u00a0<em>O que \u00e9 muito importante - e que todos os participantes n\u00e3o devem esquecer - \u00e9 a batalha pela opini\u00e3o p\u00fablica. Este \u00e9 um ponto crucial. Os parlamentos s\u00e3o constitu\u00eddos por deputados eleitos, mas se esses deputados n\u00e3o tiverem o apoio das pessoas que votaram neles, ser\u00e1 muito dif\u00edcil continuar a apoiar a Ucr\u00e2nia e a defender a Europa no seu conjunto\", afirmou Philippe Laurette, Presidente da Associa\u00e7\u00e3o Jean Monnet e defensor da integra\u00e7\u00e3o europeia e do federalismo, no evento da Alian\u00e7a de Westminster para a Ucr\u00e2nia.<\/em> <em>Esta batalha pela opini\u00e3o p\u00fablica tem de ser ganha, e todos n\u00f3s podemos contribuir para ela. \u00c9 essencial. Sabemos que, na realidade, muitas pessoas n\u00e3o conhecem os tratados, n\u00e3o os l\u00eaem e, por vezes, n\u00e3o os compreendem. Mas o que as pessoas compreendem, na sua vida quotidiana, \u00e9 que a seguran\u00e7a est\u00e1 em primeiro lugar.<\/em>disse Laurette<\/p>\n\n\n\n<p><strong>Discurso de Olivier V\u00e9drine em 19 de maio de 2025<\/strong><\/p>\n\n\n\n<figure class=\"wp-block-embed aligncenter is-type-video is-provider-youtube wp-block-embed-youtube wp-embed-aspect-16-9 wp-has-aspect-ratio\"><div class=\"wp-block-embed__wrapper\">\n<iframe loading=\"lazy\" title=\"Olivier V\u00e9drine: Deixar de ajudar a Ucr\u00e2nia a sobreviver - Ajudar a Ucr\u00e2nia a vencer\" width=\"500\" height=\"281\" src=\"https:\/\/www.youtube.com\/embed\/I7KeyRxiTlc?start=2&#038;feature=oembed\" frameborder=\"0\" allow=\"accelerometer; autoplay; clipboard-write; encrypted-media; gyroscope; picture-in-picture; web-share\" referrerpolicy=\"strict-origin-when-cross-origin\" allowfullscreen><\/iframe>\n<\/div><\/figure>\n\n\n\n<p><em>\"A quest\u00e3o fundamental que temos de colocar a n\u00f3s pr\u00f3prios \u00e9: \"Queremos que a Ucr\u00e2nia apenas sobreviva, ou queremos que se retire da Europa? Queremos apenas que a Ucr\u00e2nia sobreviva, ou queremos que a Ucr\u00e2nia ven\u00e7a?<br>Nos \u00faltimos tr\u00eas anos, desde a invas\u00e3o em grande escala, fornecemos armas, mas muitas vezes demasiado pouco e demasiado tarde. Fal\u00e1mos da frota sombra - sab\u00edamos da sua exist\u00eancia, mas n\u00e3o fizemos nada. Fal\u00e1mos dos recursos russos - estamos finalmente a fazer alguma coisa, mas demorou demasiado tempo. A verdadeira quest\u00e3o \u00e9 esta: Queremos ou n\u00e3o uma vit\u00f3ria ucraniana? At\u00e9 agora, ajud\u00e1mos a Ucr\u00e2nia a sobreviver, a resistir, a aguentar. Mas sobreviver n\u00e3o \u00e9 suficiente.<\/em><\/p>\n\n\n\n<p><em>Precisamos de uma estrat\u00e9gia concreta, n\u00e3o apenas para a Ucr\u00e2nia sobreviver, mas para vencer. E n\u00e3o se trata apenas da Ucr\u00e2nia. Se amanh\u00e3 criarmos um novo \"S5\" ou qualquer outro formato limitado que exclua a Ucr\u00e2nia, podemos descobrir que a R\u00fassia volta a atacar - n\u00e3o na Ucr\u00e2nia, mas nos pa\u00edses b\u00e1lticos ou na Pol\u00f3nia.<\/em><\/p>\n\n\n\n<p><em>\u00c9 por isso que o nosso objetivo - juntamente com todos os parlamentares europeus e brit\u00e2nicos e, esperemos, tamb\u00e9m com os Estados Unidos - deve ser o de construir uma pol\u00edtica real e influente. N\u00e3o apenas para enfraquecer a R\u00fassia. N\u00e3o apenas para apoiar a Ucr\u00e2nia. Mas para ajudar a Ucr\u00e2nia a vencer.<\/em><\/p>\n\n\n\n<p><em>Essa deve ser a nossa miss\u00e3o. N\u00e3o h\u00e1 outra quest\u00e3o. A Ucr\u00e2nia tem de vencer - pela nossa liberdade.<br>Estamos no in\u00edcio de um cen\u00e1rio que se assemelha ao per\u00edodo que antecedeu a Segunda Guerra Mundial. 1938. A invas\u00e3o da Checoslov\u00e1quia. Depois a Pol\u00f3nia. Depois, o resto da Europa.<br>N\u00e3o devemos repetir estes erros.<br>Por isso, por favor, parem de pensar em ajudar a Ucr\u00e2nia a sobreviver.<\/em><\/p>\n\n\n\n<p><em>Comece a pensar em ajudar a Ucr\u00e2nia a vencer.<\/em><\/p>\n\n\n\n<hr class=\"wp-block-separator has-alpha-channel-opacity\"\/>\n\n\n\n<p>Saiba mais sobre todos os discursos no s\u00edtio Web <strong><a href=\"https:\/\/defendingdemocracy.global\/intro\/\">Defesa da democracia e dos direitos humanos<\/a><\/strong><\/p>","protected":false},"excerpt":{"rendered":"<p>L\u2019id\u00e9e pour Olivier V\u00e9drine \u00e9tait d\u2019utiliser le symbole historique de l\u2019alliance entre le Royaume-Uni et la France Libre pendant la Seconde Guerre Mondiale. Un rappel des r\u00f4les \u00e9minents, du G\u00e9n\u00e9ral Charles de Gaulle, du Premier ministre britannique Winston Churchill et de Jean Monnet. Pendant le Forum \u00e9conomique de Mikolajki, en Pologne, les 3 et 4 [&hellip;]<\/p>\n","protected":false},"author":4,"featured_media":4356,"parent":0,"menu_order":0,"comment_status":"closed","ping_status":"closed","template":"","meta":{"_acf_changed":false,"footnotes":""},"class_list":["post-4353","page","type-page","status-publish","has-post-thumbnail","hentry"],"acf":[],"yoast_head":"<!-- This site is optimized with the Yoast SEO plugin v27.3 - https:\/\/yoast.com\/product\/yoast-seo-wordpress\/ -->\n<title>Westminster Alliance for Ukraine - Association Jean Monnet<\/title>\n<meta name=\"description\" content=\"Soutenir l\u2019Ukraine et organiser une s\u00e9rie de Westminster Talks en Europe afin de construire un r\u00e9seau de parlementaires et d\u2019experts europ\u00e9ens.\" \/>\n<meta name=\"robots\" content=\"index, follow, max-snippet:-1, max-image-preview:large, max-video-preview:-1\" \/>\n<link rel=\"canonical\" href=\"https:\/\/ajmonnet.eu\/pt\/westminster-alliance-for-ukraine\/\" \/>\n<meta property=\"og:locale\" content=\"pt_PT\" \/>\n<meta property=\"og:type\" content=\"article\" \/>\n<meta property=\"og:title\" content=\"Westminster Alliance for Ukraine - Association Jean Monnet\" \/>\n<meta property=\"og:description\" content=\"Soutenir l\u2019Ukraine et organiser une s\u00e9rie de Westminster Talks en Europe afin de construire un r\u00e9seau de parlementaires et d\u2019experts europ\u00e9ens.\" \/>\n<meta property=\"og:url\" content=\"https:\/\/ajmonnet.eu\/pt\/westminster-alliance-for-ukraine\/\" \/>\n<meta property=\"og:site_name\" content=\"Association Jean Monnet\" \/>\n<meta property=\"article:publisher\" content=\"https:\/\/www.facebook.com\/associationjeanmonnet\" \/>\n<meta property=\"article:modified_time\" content=\"2025-07-29T20:03:35+00:00\" \/>\n<meta property=\"og:image\" content=\"https:\/\/ajmonnet.eu\/wp-content\/uploads\/2025\/06\/2025-06-09_09h27_51.png\" \/>\n\t<meta property=\"og:image:width\" content=\"793\" \/>\n\t<meta property=\"og:image:height\" content=\"402\" \/>\n\t<meta property=\"og:image:type\" content=\"image\/png\" \/>\n<meta name=\"twitter:card\" content=\"summary_large_image\" \/>\n<meta name=\"twitter:site\" content=\"@AJMonnet\" \/>\n<meta name=\"twitter:label1\" content=\"Tempo estimado de leitura\" \/>\n\t<meta name=\"twitter:data1\" content=\"4 minutos\" \/>\n<script type=\"application\/ld+json\" class=\"yoast-schema-graph\">{\"@context\":\"https:\\\/\\\/schema.org\",\"@graph\":[{\"@type\":\"WebPage\",\"@id\":\"https:\\\/\\\/ajmonnet.eu\\\/westminster-alliance-for-ukraine\\\/\",\"url\":\"https:\\\/\\\/ajmonnet.eu\\\/westminster-alliance-for-ukraine\\\/\",\"name\":\"Westminster Alliance for Ukraine - Association Jean Monnet\",\"isPartOf\":{\"@id\":\"https:\\\/\\\/ajmonnet.eu\\\/#website\"},\"primaryImageOfPage\":{\"@id\":\"https:\\\/\\\/ajmonnet.eu\\\/westminster-alliance-for-ukraine\\\/#primaryimage\"},\"image\":{\"@id\":\"https:\\\/\\\/ajmonnet.eu\\\/westminster-alliance-for-ukraine\\\/#primaryimage\"},\"thumbnailUrl\":\"https:\\\/\\\/ajmonnet.eu\\\/wp-content\\\/uploads\\\/2025\\\/06\\\/2025-06-09_09h27_51.png\",\"datePublished\":\"2025-06-09T08:23:42+00:00\",\"dateModified\":\"2025-07-29T20:03:35+00:00\",\"description\":\"Soutenir l\u2019Ukraine et organiser une s\u00e9rie de Westminster Talks en Europe afin de construire un r\u00e9seau de parlementaires et d\u2019experts europ\u00e9ens.\",\"breadcrumb\":{\"@id\":\"https:\\\/\\\/ajmonnet.eu\\\/westminster-alliance-for-ukraine\\\/#breadcrumb\"},\"inLanguage\":\"pt-PT\",\"potentialAction\":[{\"@type\":\"ReadAction\",\"target\":[\"https:\\\/\\\/ajmonnet.eu\\\/westminster-alliance-for-ukraine\\\/\"]}]},{\"@type\":\"ImageObject\",\"inLanguage\":\"pt-PT\",\"@id\":\"https:\\\/\\\/ajmonnet.eu\\\/westminster-alliance-for-ukraine\\\/#primaryimage\",\"url\":\"https:\\\/\\\/ajmonnet.eu\\\/wp-content\\\/uploads\\\/2025\\\/06\\\/2025-06-09_09h27_51.png\",\"contentUrl\":\"https:\\\/\\\/ajmonnet.eu\\\/wp-content\\\/uploads\\\/2025\\\/06\\\/2025-06-09_09h27_51.png\",\"width\":793,\"height\":402},{\"@type\":\"BreadcrumbList\",\"@id\":\"https:\\\/\\\/ajmonnet.eu\\\/westminster-alliance-for-ukraine\\\/#breadcrumb\",\"itemListElement\":[{\"@type\":\"ListItem\",\"position\":1,\"name\":\"Home\",\"item\":\"https:\\\/\\\/ajmonnet.eu\\\/\"},{\"@type\":\"ListItem\",\"position\":2,\"name\":\"Westminster Alliance for Ukraine\"}]},{\"@type\":\"WebSite\",\"@id\":\"https:\\\/\\\/ajmonnet.eu\\\/#website\",\"url\":\"https:\\\/\\\/ajmonnet.eu\\\/\",\"name\":\"Association Jean Monnet\",\"description\":\"Faire vivre au temps pr\u00e9sent les id\u00e9es europ\u00e9ennes de Jean Monnet\",\"publisher\":{\"@id\":\"https:\\\/\\\/ajmonnet.eu\\\/#organization\"},\"alternateName\":\"AJM\",\"potentialAction\":[{\"@type\":\"SearchAction\",\"target\":{\"@type\":\"EntryPoint\",\"urlTemplate\":\"https:\\\/\\\/ajmonnet.eu\\\/?s={search_term_string}\"},\"query-input\":{\"@type\":\"PropertyValueSpecification\",\"valueRequired\":true,\"valueName\":\"search_term_string\"}}],\"inLanguage\":\"pt-PT\"},{\"@type\":\"Organization\",\"@id\":\"https:\\\/\\\/ajmonnet.eu\\\/#organization\",\"name\":\"ASSOCIATION JEAN MONNET\",\"alternateName\":\"AJM\",\"url\":\"https:\\\/\\\/ajmonnet.eu\\\/\",\"logo\":{\"@type\":\"ImageObject\",\"inLanguage\":\"pt-PT\",\"@id\":\"https:\\\/\\\/ajmonnet.eu\\\/#\\\/schema\\\/logo\\\/image\\\/\",\"url\":\"https:\\\/\\\/ajmonnet.eu\\\/wp-content\\\/uploads\\\/2022\\\/04\\\/AJM-Logo-Color.png\",\"contentUrl\":\"https:\\\/\\\/ajmonnet.eu\\\/wp-content\\\/uploads\\\/2022\\\/04\\\/AJM-Logo-Color.png\",\"width\":386,\"height\":241,\"caption\":\"ASSOCIATION JEAN MONNET\"},\"image\":{\"@id\":\"https:\\\/\\\/ajmonnet.eu\\\/#\\\/schema\\\/logo\\\/image\\\/\"},\"sameAs\":[\"https:\\\/\\\/www.facebook.com\\\/associationjeanmonnet\",\"https:\\\/\\\/x.com\\\/AJMonnet\",\"https:\\\/\\\/www.linkedin.com\\\/company\\\/association-jean-monnet\",\"https:\\\/\\\/bsky.app\\\/profile\\\/ajeanmonnet.bsky.social\"]}]}<\/script>\n<!-- \/ Yoast SEO plugin. -->","yoast_head_json":{"title":"Alian\u00e7a de Westminster para a Ucr\u00e2nia - Associa\u00e7\u00e3o Jean Monnet","description":"Apoiar a Ucr\u00e2nia e organizar uma s\u00e9rie de Conversas de Westminster na Europa para criar uma rede de deputados e peritos europeus.","robots":{"index":"index","follow":"follow","max-snippet":"max-snippet:-1","max-image-preview":"max-image-preview:large","max-video-preview":"max-video-preview:-1"},"canonical":"https:\/\/ajmonnet.eu\/pt\/westminster-alliance-for-ukraine\/","og_locale":"pt_PT","og_type":"article","og_title":"Westminster Alliance for Ukraine - Association Jean Monnet","og_description":"Soutenir l\u2019Ukraine et organiser une s\u00e9rie de Westminster Talks en Europe afin de construire un r\u00e9seau de parlementaires et d\u2019experts europ\u00e9ens.","og_url":"https:\/\/ajmonnet.eu\/pt\/westminster-alliance-for-ukraine\/","og_site_name":"Association Jean Monnet","article_publisher":"https:\/\/www.facebook.com\/associationjeanmonnet","article_modified_time":"2025-07-29T20:03:35+00:00","og_image":[{"width":793,"height":402,"url":"https:\/\/ajmonnet.eu\/wp-content\/uploads\/2025\/06\/2025-06-09_09h27_51.png","type":"image\/png"}],"twitter_card":"summary_large_image","twitter_site":"@AJMonnet","twitter_misc":{"Tempo estimado de leitura":"4 minutos"},"schema":{"@context":"https:\/\/schema.org","@graph":[{"@type":"WebPage","@id":"https:\/\/ajmonnet.eu\/westminster-alliance-for-ukraine\/","url":"https:\/\/ajmonnet.eu\/westminster-alliance-for-ukraine\/","name":"Alian\u00e7a de Westminster para a Ucr\u00e2nia - Associa\u00e7\u00e3o Jean Monnet","isPartOf":{"@id":"https:\/\/ajmonnet.eu\/#website"},"primaryImageOfPage":{"@id":"https:\/\/ajmonnet.eu\/westminster-alliance-for-ukraine\/#primaryimage"},"image":{"@id":"https:\/\/ajmonnet.eu\/westminster-alliance-for-ukraine\/#primaryimage"},"thumbnailUrl":"https:\/\/ajmonnet.eu\/wp-content\/uploads\/2025\/06\/2025-06-09_09h27_51.png","datePublished":"2025-06-09T08:23:42+00:00","dateModified":"2025-07-29T20:03:35+00:00","description":"Apoiar a Ucr\u00e2nia e organizar uma s\u00e9rie de Conversas de Westminster na Europa para criar uma rede de deputados e peritos europeus.","breadcrumb":{"@id":"https:\/\/ajmonnet.eu\/westminster-alliance-for-ukraine\/#breadcrumb"},"inLanguage":"pt-PT","potentialAction":[{"@type":"ReadAction","target":["https:\/\/ajmonnet.eu\/westminster-alliance-for-ukraine\/"]}]},{"@type":"ImageObject","inLanguage":"pt-PT","@id":"https:\/\/ajmonnet.eu\/westminster-alliance-for-ukraine\/#primaryimage","url":"https:\/\/ajmonnet.eu\/wp-content\/uploads\/2025\/06\/2025-06-09_09h27_51.png","contentUrl":"https:\/\/ajmonnet.eu\/wp-content\/uploads\/2025\/06\/2025-06-09_09h27_51.png","width":793,"height":402},{"@type":"BreadcrumbList","@id":"https:\/\/ajmonnet.eu\/westminster-alliance-for-ukraine\/#breadcrumb","itemListElement":[{"@type":"ListItem","position":1,"name":"Home","item":"https:\/\/ajmonnet.eu\/"},{"@type":"ListItem","position":2,"name":"Westminster Alliance for Ukraine"}]},{"@type":"WebSite","@id":"https:\/\/ajmonnet.eu\/#website","url":"https:\/\/ajmonnet.eu\/","name":"Associa\u00e7\u00e3o Jean Monnet","description":"Dando vida \u00e0s ideias europeias de Jean Monnet no presente","publisher":{"@id":"https:\/\/ajmonnet.eu\/#organization"},"alternateName":"AJM","potentialAction":[{"@type":"SearchAction","target":{"@type":"EntryPoint","urlTemplate":"https:\/\/ajmonnet.eu\/?s={search_term_string}"},"query-input":{"@type":"PropertyValueSpecification","valueRequired":true,"valueName":"search_term_string"}}],"inLanguage":"pt-PT"},{"@type":"Organization","@id":"https:\/\/ajmonnet.eu\/#organization","name":"ASSOCIA\u00c7\u00c3O JEAN MONNET","alternateName":"AJM","url":"https:\/\/ajmonnet.eu\/","logo":{"@type":"ImageObject","inLanguage":"pt-PT","@id":"https:\/\/ajmonnet.eu\/#\/schema\/logo\/image\/","url":"https:\/\/ajmonnet.eu\/wp-content\/uploads\/2022\/04\/AJM-Logo-Color.png","contentUrl":"https:\/\/ajmonnet.eu\/wp-content\/uploads\/2022\/04\/AJM-Logo-Color.png","width":386,"height":241,"caption":"ASSOCIATION JEAN MONNET"},"image":{"@id":"https:\/\/ajmonnet.eu\/#\/schema\/logo\/image\/"},"sameAs":["https:\/\/www.facebook.com\/associationjeanmonnet","https:\/\/x.com\/AJMonnet","https:\/\/www.linkedin.com\/company\/association-jean-monnet","https:\/\/bsky.app\/profile\/ajeanmonnet.bsky.social"]}]}},"_links":{"self":[{"href":"http:\/\/ajmonnet.eu\/pt\/wp-json\/wp\/v2\/pages\/4353","targetHints":{"allow":["GET"]}}],"collection":[{"href":"http:\/\/ajmonnet.eu\/pt\/wp-json\/wp\/v2\/pages"}],"about":[{"href":"http:\/\/ajmonnet.eu\/pt\/wp-json\/wp\/v2\/types\/page"}],"author":[{"embeddable":true,"href":"http:\/\/ajmonnet.eu\/pt\/wp-json\/wp\/v2\/users\/4"}],"replies":[{"embeddable":true,"href":"http:\/\/ajmonnet.eu\/pt\/wp-json\/wp\/v2\/comments?post=4353"}],"version-history":[{"count":16,"href":"http:\/\/ajmonnet.eu\/pt\/wp-json\/wp\/v2\/pages\/4353\/revisions"}],"predecessor-version":[{"id":4448,"href":"http:\/\/ajmonnet.eu\/pt\/wp-json\/wp\/v2\/pages\/4353\/revisions\/4448"}],"wp:featuredmedia":[{"embeddable":true,"href":"http:\/\/ajmonnet.eu\/pt\/wp-json\/wp\/v2\/media\/4356"}],"wp:attachment":[{"href":"http:\/\/ajmonnet.eu\/pt\/wp-json\/wp\/v2\/media?parent=4353"}],"curies":[{"name":"wp","href":"https:\/\/api.w.org\/{rel}","templated":true}]}}