{"id":4353,"date":"2025-06-09T10:23:42","date_gmt":"2025-06-09T08:23:42","guid":{"rendered":"https:\/\/ajmonnet.eu\/?page_id=4353"},"modified":"2025-07-29T22:03:35","modified_gmt":"2025-07-29T20:03:35","slug":"westminster-alliance-for-ukraine","status":"publish","type":"page","link":"http:\/\/ajmonnet.eu\/es\/westminster-alliance-for-ukraine\/","title":{"rendered":"Alianza de Westminster por Ucrania"},"content":{"rendered":"<div class=\"wp-block-columns is-layout-flex wp-container-core-columns-is-layout-9d6595d7 wp-block-columns-is-layout-flex\">\n<div class=\"wp-block-column is-layout-flow wp-block-column-is-layout-flow\" style=\"flex-basis:66.66%\">\n<figure class=\"wp-block-image size-full\"><img loading=\"lazy\" decoding=\"async\" width=\"793\" height=\"533\" src=\"https:\/\/ajmonnet.eu\/wp-content\/uploads\/2025\/06\/2025-06-09_09h28_41-Modifie.png\" alt=\"\" class=\"wp-image-4363\" srcset=\"https:\/\/ajmonnet.eu\/wp-content\/uploads\/2025\/06\/2025-06-09_09h28_41-Modifie.png 793w, https:\/\/ajmonnet.eu\/wp-content\/uploads\/2025\/06\/2025-06-09_09h28_41-Modifie-300x202.png 300w, https:\/\/ajmonnet.eu\/wp-content\/uploads\/2025\/06\/2025-06-09_09h28_41-Modifie-768x516.png 768w, https:\/\/ajmonnet.eu\/wp-content\/uploads\/2025\/06\/2025-06-09_09h28_41-Modifie-18x12.png 18w\" sizes=\"auto, (max-width: 793px) 100vw, 793px\" \/><\/figure>\n\n\n\n<p>La idea de Olivier V\u00e9drine era utilizar el s\u00edmbolo hist\u00f3rico de la alianza entre el Reino Unido y la Francia Libre durante la Segunda Guerra Mundial. Un recordatorio de los eminentes papeles desempe\u00f1ados por el General Charles de Gaulle, el Primer Ministro brit\u00e1nico Winston Churchill y Jean Monnet.<\/p>\n<\/div>\n\n\n\n<div class=\"wp-block-column is-layout-flow wp-block-column-is-layout-flow\" style=\"flex-basis:33.33%\">\n<p>Durante el Foro Econ\u00f3mico de Mikolajki (Polonia), los d\u00edas 3 y 4 de marzo de 2025, Olivier V\u00e9drine propuso a Roger Casale organizar una conferencia en el Parlamento de Westminster en apoyo de Ucrania, seguida de una serie de Westminster Talks en Europa para crear una red de parlamentarios y expertos europeos.<\/p>\n<\/div>\n<\/div>\n\n\n\n<p><strong><em>Discurso de Philippe Laurette el 13 de mayo de 2025<\/em><\/strong><\/p>\n\n\n\n<figure class=\"wp-block-embed aligncenter is-type-video is-provider-youtube wp-block-embed-youtube wp-embed-aspect-16-9 wp-has-aspect-ratio\"><div class=\"wp-block-embed__wrapper\">\n<iframe loading=\"lazy\" title=\"Laurette: Hay que ganar la batalla por la opini\u00f3n p\u00fablica para defender Europa y Ucrania\" width=\"500\" height=\"281\" src=\"https:\/\/www.youtube.com\/embed\/A7LdkWMYsXs?feature=oembed\" frameborder=\"0\" allow=\"accelerometer; autoplay; clipboard-write; encrypted-media; gyroscope; picture-in-picture; web-share\" referrerpolicy=\"strict-origin-when-cross-origin\" allowfullscreen><\/iframe>\n<\/div><\/figure>\n\n\n\n<p>\"\u00a0<em>Lo que es muy importante -y lo que todos los participantes no deben olvidar- es la batalla por la opini\u00f3n p\u00fablica. Se trata de un punto crucial. Los parlamentos est\u00e1n formados por diputados elegidos, pero si esos diputados no cuentan con el apoyo de la gente que les vota, ser\u00e1 muy dif\u00edcil que sigan apoyando a Ucrania y defendiendo a Europa en su conjunto\", declar\u00f3 Philippe Laurette, Presidente de la Asociaci\u00f3n Jean Monnet y defensor de la integraci\u00f3n europea y el federalismo en el acto de la Alianza de Westminster por Ucrania.<\/em> <em>Hay que ganar esta batalla por la opini\u00f3n p\u00fablica, y todos podemos contribuir a ello. Es esencial. Sabemos que, en realidad, mucha gente no conoce los tratados, no los lee y a veces no los entiende. Pero lo que la gente s\u00ed entiende, en su vida cotidiana, es que la seguridad es lo primero.<\/em>dijo Laurette<\/p>\n\n\n\n<p><strong>Discurso de Olivier V\u00e9drine el 19 de mayo de 2025<\/strong><\/p>\n\n\n\n<figure class=\"wp-block-embed aligncenter is-type-video is-provider-youtube wp-block-embed-youtube wp-embed-aspect-16-9 wp-has-aspect-ratio\"><div class=\"wp-block-embed__wrapper\">\n<iframe loading=\"lazy\" title=\"Olivier V\u00e9drine: Deja de ayudar a Ucrania a sobrevivir, ay\u00fadala a ganar\" width=\"500\" height=\"281\" src=\"https:\/\/www.youtube.com\/embed\/I7KeyRxiTlc?start=2&#038;feature=oembed\" frameborder=\"0\" allow=\"accelerometer; autoplay; clipboard-write; encrypted-media; gyroscope; picture-in-picture; web-share\" referrerpolicy=\"strict-origin-when-cross-origin\" allowfullscreen><\/iframe>\n<\/div><\/figure>\n\n\n\n<p><em>\"La pregunta clave que debemos hacernos es: \"\u00bfQueremos que Ucrania s\u00f3lo sobreviva, o queremos que se retire de Europa? \u00bfQueremos que Ucrania s\u00f3lo sobreviva, o queremos que gane?<br>En los \u00faltimos tres a\u00f1os, desde la invasi\u00f3n a gran escala, hemos dado armas, pero a menudo demasiado poco y demasiado tarde. Hemos hablado de la flota en la sombra -lo sab\u00edamos, pero no hicimos nada. Hemos hablado de los activos rusos -por fin estamos haciendo algo, pero hemos tardado demasiado. La verdadera cuesti\u00f3n es \u00e9sta: \u00bfQueremos una victoria ucraniana o no? Hasta ahora, hemos ayudado a Ucrania a sobrevivir, a resistir, a aguantar. Pero sobrevivir no es suficiente.<\/em><\/p>\n\n\n\n<p><em>Necesitamos una estrategia concreta, no s\u00f3lo para que Ucrania sobreviva, sino para que gane. Y no se trata s\u00f3lo de Ucrania. Si ma\u00f1ana creamos un nuevo \"S5\" o cualquier otro formato limitado que excluya a Ucrania, podr\u00edamos encontrarnos con que Rusia ataca de nuevo, no en Ucrania, sino en los pa\u00edses b\u00e1lticos o en Polonia.<\/em><\/p>\n\n\n\n<p><em>Por eso nuestro objetivo -junto con el de todos los parlamentarios europeos y brit\u00e1nicos, y esperemos que tambi\u00e9n el de Estados Unidos- debe ser construir una pol\u00edtica real e influyente. No s\u00f3lo para debilitar a Rusia. No s\u00f3lo para apoyar a Ucrania. Sino para ayudar a Ucrania a ganar.<\/em><\/p>\n\n\n\n<p><em>Esa debe ser nuestra misi\u00f3n. No hay otra cuesti\u00f3n. Ucrania debe ganar, por nuestra libertad.<br>Nos encontramos al principio de un escenario que se asemeja al periodo previo a la Segunda Guerra Mundial. 1938. La invasi\u00f3n de Checoslovaquia. Luego Polonia. Luego el resto de Europa.<br>No debemos repetir estos errores.<br>As\u00ed que, por favor, dejen de pensar en ayudar a Ucrania a sobrevivir.<\/em><\/p>\n\n\n\n<p><em>Empieza a pensar en ayudar a Ucrania a ganar.<\/em><\/p>\n\n\n\n<hr class=\"wp-block-separator has-alpha-channel-opacity\"\/>\n\n\n\n<p>M\u00e1s informaci\u00f3n sobre todos los discursos en el sitio web <strong><a href=\"https:\/\/defendingdemocracy.global\/intro\/\">Defender la democracia y los derechos humanos<\/a><\/strong><\/p>","protected":false},"excerpt":{"rendered":"<p>L\u2019id\u00e9e pour Olivier V\u00e9drine \u00e9tait d\u2019utiliser le symbole historique de l\u2019alliance entre le Royaume-Uni et la France Libre pendant la Seconde Guerre Mondiale. Un rappel des r\u00f4les \u00e9minents, du G\u00e9n\u00e9ral Charles de Gaulle, du Premier ministre britannique Winston Churchill et de Jean Monnet. Pendant le Forum \u00e9conomique de Mikolajki, en Pologne, les 3 et 4 [&hellip;]<\/p>\n","protected":false},"author":4,"featured_media":4356,"parent":0,"menu_order":0,"comment_status":"closed","ping_status":"closed","template":"","meta":{"_acf_changed":false,"footnotes":""},"class_list":["post-4353","page","type-page","status-publish","has-post-thumbnail","hentry"],"acf":[],"yoast_head":"<!-- This site is optimized with the Yoast SEO plugin v27.3 - https:\/\/yoast.com\/product\/yoast-seo-wordpress\/ -->\n<title>Westminster Alliance for Ukraine - Association Jean Monnet<\/title>\n<meta name=\"description\" content=\"Soutenir l\u2019Ukraine et organiser une s\u00e9rie de Westminster Talks en Europe afin de construire un r\u00e9seau de parlementaires et d\u2019experts europ\u00e9ens.\" \/>\n<meta name=\"robots\" content=\"index, follow, max-snippet:-1, max-image-preview:large, max-video-preview:-1\" \/>\n<link rel=\"canonical\" href=\"https:\/\/ajmonnet.eu\/es\/westminster-alliance-for-ukraine\/\" \/>\n<meta property=\"og:locale\" content=\"es_ES\" \/>\n<meta property=\"og:type\" content=\"article\" \/>\n<meta property=\"og:title\" content=\"Westminster Alliance for Ukraine - Association Jean Monnet\" \/>\n<meta property=\"og:description\" content=\"Soutenir l\u2019Ukraine et organiser une s\u00e9rie de Westminster Talks en Europe afin de construire un r\u00e9seau de parlementaires et d\u2019experts europ\u00e9ens.\" \/>\n<meta property=\"og:url\" content=\"https:\/\/ajmonnet.eu\/es\/westminster-alliance-for-ukraine\/\" \/>\n<meta property=\"og:site_name\" content=\"Association Jean Monnet\" \/>\n<meta property=\"article:publisher\" content=\"https:\/\/www.facebook.com\/associationjeanmonnet\" \/>\n<meta property=\"article:modified_time\" content=\"2025-07-29T20:03:35+00:00\" \/>\n<meta property=\"og:image\" content=\"https:\/\/ajmonnet.eu\/wp-content\/uploads\/2025\/06\/2025-06-09_09h27_51.png\" \/>\n\t<meta property=\"og:image:width\" content=\"793\" \/>\n\t<meta property=\"og:image:height\" content=\"402\" \/>\n\t<meta property=\"og:image:type\" content=\"image\/png\" \/>\n<meta name=\"twitter:card\" content=\"summary_large_image\" \/>\n<meta name=\"twitter:site\" content=\"@AJMonnet\" \/>\n<meta name=\"twitter:label1\" content=\"Tiempo de lectura\" \/>\n\t<meta name=\"twitter:data1\" content=\"4 minutos\" \/>\n<script type=\"application\/ld+json\" class=\"yoast-schema-graph\">{\"@context\":\"https:\\\/\\\/schema.org\",\"@graph\":[{\"@type\":\"WebPage\",\"@id\":\"https:\\\/\\\/ajmonnet.eu\\\/westminster-alliance-for-ukraine\\\/\",\"url\":\"https:\\\/\\\/ajmonnet.eu\\\/westminster-alliance-for-ukraine\\\/\",\"name\":\"Westminster Alliance for Ukraine - Association Jean Monnet\",\"isPartOf\":{\"@id\":\"https:\\\/\\\/ajmonnet.eu\\\/#website\"},\"primaryImageOfPage\":{\"@id\":\"https:\\\/\\\/ajmonnet.eu\\\/westminster-alliance-for-ukraine\\\/#primaryimage\"},\"image\":{\"@id\":\"https:\\\/\\\/ajmonnet.eu\\\/westminster-alliance-for-ukraine\\\/#primaryimage\"},\"thumbnailUrl\":\"https:\\\/\\\/ajmonnet.eu\\\/wp-content\\\/uploads\\\/2025\\\/06\\\/2025-06-09_09h27_51.png\",\"datePublished\":\"2025-06-09T08:23:42+00:00\",\"dateModified\":\"2025-07-29T20:03:35+00:00\",\"description\":\"Soutenir l\u2019Ukraine et organiser une s\u00e9rie de Westminster Talks en Europe afin de construire un r\u00e9seau de parlementaires et d\u2019experts europ\u00e9ens.\",\"breadcrumb\":{\"@id\":\"https:\\\/\\\/ajmonnet.eu\\\/westminster-alliance-for-ukraine\\\/#breadcrumb\"},\"inLanguage\":\"es\",\"potentialAction\":[{\"@type\":\"ReadAction\",\"target\":[\"https:\\\/\\\/ajmonnet.eu\\\/westminster-alliance-for-ukraine\\\/\"]}]},{\"@type\":\"ImageObject\",\"inLanguage\":\"es\",\"@id\":\"https:\\\/\\\/ajmonnet.eu\\\/westminster-alliance-for-ukraine\\\/#primaryimage\",\"url\":\"https:\\\/\\\/ajmonnet.eu\\\/wp-content\\\/uploads\\\/2025\\\/06\\\/2025-06-09_09h27_51.png\",\"contentUrl\":\"https:\\\/\\\/ajmonnet.eu\\\/wp-content\\\/uploads\\\/2025\\\/06\\\/2025-06-09_09h27_51.png\",\"width\":793,\"height\":402},{\"@type\":\"BreadcrumbList\",\"@id\":\"https:\\\/\\\/ajmonnet.eu\\\/westminster-alliance-for-ukraine\\\/#breadcrumb\",\"itemListElement\":[{\"@type\":\"ListItem\",\"position\":1,\"name\":\"Home\",\"item\":\"https:\\\/\\\/ajmonnet.eu\\\/\"},{\"@type\":\"ListItem\",\"position\":2,\"name\":\"Westminster Alliance for Ukraine\"}]},{\"@type\":\"WebSite\",\"@id\":\"https:\\\/\\\/ajmonnet.eu\\\/#website\",\"url\":\"https:\\\/\\\/ajmonnet.eu\\\/\",\"name\":\"Association Jean Monnet\",\"description\":\"Faire vivre au temps pr\u00e9sent les id\u00e9es europ\u00e9ennes de Jean Monnet\",\"publisher\":{\"@id\":\"https:\\\/\\\/ajmonnet.eu\\\/#organization\"},\"alternateName\":\"AJM\",\"potentialAction\":[{\"@type\":\"SearchAction\",\"target\":{\"@type\":\"EntryPoint\",\"urlTemplate\":\"https:\\\/\\\/ajmonnet.eu\\\/?s={search_term_string}\"},\"query-input\":{\"@type\":\"PropertyValueSpecification\",\"valueRequired\":true,\"valueName\":\"search_term_string\"}}],\"inLanguage\":\"es\"},{\"@type\":\"Organization\",\"@id\":\"https:\\\/\\\/ajmonnet.eu\\\/#organization\",\"name\":\"ASSOCIATION JEAN MONNET\",\"alternateName\":\"AJM\",\"url\":\"https:\\\/\\\/ajmonnet.eu\\\/\",\"logo\":{\"@type\":\"ImageObject\",\"inLanguage\":\"es\",\"@id\":\"https:\\\/\\\/ajmonnet.eu\\\/#\\\/schema\\\/logo\\\/image\\\/\",\"url\":\"https:\\\/\\\/ajmonnet.eu\\\/wp-content\\\/uploads\\\/2022\\\/04\\\/AJM-Logo-Color.png\",\"contentUrl\":\"https:\\\/\\\/ajmonnet.eu\\\/wp-content\\\/uploads\\\/2022\\\/04\\\/AJM-Logo-Color.png\",\"width\":386,\"height\":241,\"caption\":\"ASSOCIATION JEAN MONNET\"},\"image\":{\"@id\":\"https:\\\/\\\/ajmonnet.eu\\\/#\\\/schema\\\/logo\\\/image\\\/\"},\"sameAs\":[\"https:\\\/\\\/www.facebook.com\\\/associationjeanmonnet\",\"https:\\\/\\\/x.com\\\/AJMonnet\",\"https:\\\/\\\/www.linkedin.com\\\/company\\\/association-jean-monnet\",\"https:\\\/\\\/bsky.app\\\/profile\\\/ajeanmonnet.bsky.social\"]}]}<\/script>\n<!-- \/ Yoast SEO plugin. -->","yoast_head_json":{"title":"Alianza de Westminster por Ucrania - Asociaci\u00f3n Jean Monnet","description":"Apoyar a Ucrania y organizar una serie de Westminster Talks en Europa para crear una red de parlamentarios y expertos europeos.","robots":{"index":"index","follow":"follow","max-snippet":"max-snippet:-1","max-image-preview":"max-image-preview:large","max-video-preview":"max-video-preview:-1"},"canonical":"https:\/\/ajmonnet.eu\/es\/westminster-alliance-for-ukraine\/","og_locale":"es_ES","og_type":"article","og_title":"Westminster Alliance for Ukraine - Association Jean Monnet","og_description":"Soutenir l\u2019Ukraine et organiser une s\u00e9rie de Westminster Talks en Europe afin de construire un r\u00e9seau de parlementaires et d\u2019experts europ\u00e9ens.","og_url":"https:\/\/ajmonnet.eu\/es\/westminster-alliance-for-ukraine\/","og_site_name":"Association Jean Monnet","article_publisher":"https:\/\/www.facebook.com\/associationjeanmonnet","article_modified_time":"2025-07-29T20:03:35+00:00","og_image":[{"width":793,"height":402,"url":"https:\/\/ajmonnet.eu\/wp-content\/uploads\/2025\/06\/2025-06-09_09h27_51.png","type":"image\/png"}],"twitter_card":"summary_large_image","twitter_site":"@AJMonnet","twitter_misc":{"Tiempo de lectura":"4 minutos"},"schema":{"@context":"https:\/\/schema.org","@graph":[{"@type":"WebPage","@id":"https:\/\/ajmonnet.eu\/westminster-alliance-for-ukraine\/","url":"https:\/\/ajmonnet.eu\/westminster-alliance-for-ukraine\/","name":"Alianza de Westminster por Ucrania - Asociaci\u00f3n Jean Monnet","isPartOf":{"@id":"https:\/\/ajmonnet.eu\/#website"},"primaryImageOfPage":{"@id":"https:\/\/ajmonnet.eu\/westminster-alliance-for-ukraine\/#primaryimage"},"image":{"@id":"https:\/\/ajmonnet.eu\/westminster-alliance-for-ukraine\/#primaryimage"},"thumbnailUrl":"https:\/\/ajmonnet.eu\/wp-content\/uploads\/2025\/06\/2025-06-09_09h27_51.png","datePublished":"2025-06-09T08:23:42+00:00","dateModified":"2025-07-29T20:03:35+00:00","description":"Apoyar a Ucrania y organizar una serie de Westminster Talks en Europa para crear una red de parlamentarios y expertos europeos.","breadcrumb":{"@id":"https:\/\/ajmonnet.eu\/westminster-alliance-for-ukraine\/#breadcrumb"},"inLanguage":"es","potentialAction":[{"@type":"ReadAction","target":["https:\/\/ajmonnet.eu\/westminster-alliance-for-ukraine\/"]}]},{"@type":"ImageObject","inLanguage":"es","@id":"https:\/\/ajmonnet.eu\/westminster-alliance-for-ukraine\/#primaryimage","url":"https:\/\/ajmonnet.eu\/wp-content\/uploads\/2025\/06\/2025-06-09_09h27_51.png","contentUrl":"https:\/\/ajmonnet.eu\/wp-content\/uploads\/2025\/06\/2025-06-09_09h27_51.png","width":793,"height":402},{"@type":"BreadcrumbList","@id":"https:\/\/ajmonnet.eu\/westminster-alliance-for-ukraine\/#breadcrumb","itemListElement":[{"@type":"ListItem","position":1,"name":"Home","item":"https:\/\/ajmonnet.eu\/"},{"@type":"ListItem","position":2,"name":"Westminster Alliance for Ukraine"}]},{"@type":"WebSite","@id":"https:\/\/ajmonnet.eu\/#website","url":"https:\/\/ajmonnet.eu\/","name":"Asociaci\u00f3n Jean Monnet","description":"Las ideas europeas de Jean Monnet cobran vida en el presente","publisher":{"@id":"https:\/\/ajmonnet.eu\/#organization"},"alternateName":"AJM","potentialAction":[{"@type":"SearchAction","target":{"@type":"EntryPoint","urlTemplate":"https:\/\/ajmonnet.eu\/?s={search_term_string}"},"query-input":{"@type":"PropertyValueSpecification","valueRequired":true,"valueName":"search_term_string"}}],"inLanguage":"es"},{"@type":"Organization","@id":"https:\/\/ajmonnet.eu\/#organization","name":"ASOCIACI\u00d3N JEAN MONNET","alternateName":"AJM","url":"https:\/\/ajmonnet.eu\/","logo":{"@type":"ImageObject","inLanguage":"es","@id":"https:\/\/ajmonnet.eu\/#\/schema\/logo\/image\/","url":"https:\/\/ajmonnet.eu\/wp-content\/uploads\/2022\/04\/AJM-Logo-Color.png","contentUrl":"https:\/\/ajmonnet.eu\/wp-content\/uploads\/2022\/04\/AJM-Logo-Color.png","width":386,"height":241,"caption":"ASSOCIATION JEAN MONNET"},"image":{"@id":"https:\/\/ajmonnet.eu\/#\/schema\/logo\/image\/"},"sameAs":["https:\/\/www.facebook.com\/associationjeanmonnet","https:\/\/x.com\/AJMonnet","https:\/\/www.linkedin.com\/company\/association-jean-monnet","https:\/\/bsky.app\/profile\/ajeanmonnet.bsky.social"]}]}},"_links":{"self":[{"href":"http:\/\/ajmonnet.eu\/es\/wp-json\/wp\/v2\/pages\/4353","targetHints":{"allow":["GET"]}}],"collection":[{"href":"http:\/\/ajmonnet.eu\/es\/wp-json\/wp\/v2\/pages"}],"about":[{"href":"http:\/\/ajmonnet.eu\/es\/wp-json\/wp\/v2\/types\/page"}],"author":[{"embeddable":true,"href":"http:\/\/ajmonnet.eu\/es\/wp-json\/wp\/v2\/users\/4"}],"replies":[{"embeddable":true,"href":"http:\/\/ajmonnet.eu\/es\/wp-json\/wp\/v2\/comments?post=4353"}],"version-history":[{"count":16,"href":"http:\/\/ajmonnet.eu\/es\/wp-json\/wp\/v2\/pages\/4353\/revisions"}],"predecessor-version":[{"id":4448,"href":"http:\/\/ajmonnet.eu\/es\/wp-json\/wp\/v2\/pages\/4353\/revisions\/4448"}],"wp:featuredmedia":[{"embeddable":true,"href":"http:\/\/ajmonnet.eu\/es\/wp-json\/wp\/v2\/media\/4356"}],"wp:attachment":[{"href":"http:\/\/ajmonnet.eu\/es\/wp-json\/wp\/v2\/media?parent=4353"}],"curies":[{"name":"wp","href":"https:\/\/api.w.org\/{rel}","templated":true}]}}