{"id":4353,"date":"2025-06-09T10:23:42","date_gmt":"2025-06-09T08:23:42","guid":{"rendered":"https:\/\/ajmonnet.eu\/?page_id=4353"},"modified":"2025-07-29T22:03:35","modified_gmt":"2025-07-29T20:03:35","slug":"westminster-alliance-for-ukraine","status":"publish","type":"page","link":"http:\/\/ajmonnet.eu\/de\/westminster-alliance-for-ukraine\/","title":{"rendered":"Westminster Alliance for Ukraine"},"content":{"rendered":"<div class=\"wp-block-columns is-layout-flex wp-container-core-columns-is-layout-9d6595d7 wp-block-columns-is-layout-flex\">\n<div class=\"wp-block-column is-layout-flow wp-block-column-is-layout-flow\" style=\"flex-basis:66.66%\">\n<figure class=\"wp-block-image size-full\"><img loading=\"lazy\" decoding=\"async\" width=\"793\" height=\"533\" src=\"https:\/\/ajmonnet.eu\/wp-content\/uploads\/2025\/06\/2025-06-09_09h28_41-Modifie.png\" alt=\"\" class=\"wp-image-4363\" srcset=\"https:\/\/ajmonnet.eu\/wp-content\/uploads\/2025\/06\/2025-06-09_09h28_41-Modifie.png 793w, https:\/\/ajmonnet.eu\/wp-content\/uploads\/2025\/06\/2025-06-09_09h28_41-Modifie-300x202.png 300w, https:\/\/ajmonnet.eu\/wp-content\/uploads\/2025\/06\/2025-06-09_09h28_41-Modifie-768x516.png 768w, https:\/\/ajmonnet.eu\/wp-content\/uploads\/2025\/06\/2025-06-09_09h28_41-Modifie-18x12.png 18w\" sizes=\"auto, (max-width: 793px) 100vw, 793px\" \/><\/figure>\n\n\n\n<p>Die Idee f\u00fcr Olivier V\u00e9drine war es, das historische Symbol der Allianz zwischen dem Vereinigten K\u00f6nigreich und dem Freien Frankreich w\u00e4hrend des Zweiten Weltkriegs zu verwenden. Eine Erinnerung an die herausragenden Rollen, die General Charles de Gaulle, der britische Premierminister Winston Churchill und Jean Monnet gespielt haben.<\/p>\n<\/div>\n\n\n\n<div class=\"wp-block-column is-layout-flow wp-block-column-is-layout-flow\" style=\"flex-basis:33.33%\">\n<p>W\u00e4hrend des Wirtschaftsforums in Mikolajki, Polen, am 3. und 4. M\u00e4rz 2025 schlug Olivier V\u00e9drine Roger Casale vor, eine Konferenz im Westminster-Parlament zur Unterst\u00fctzung der Ukraine zu organisieren mit einer anschlie\u00dfenden Reihe von Westminster Talks in Europa, um ein Netzwerk von europ\u00e4ischen Parlamentariern und Experten aufzubauen.<\/p>\n<\/div>\n<\/div>\n\n\n\n<p><strong><em>Rede von Philippe Laurette vom 13. Mai 2025<\/em><\/strong><\/p>\n\n\n\n<figure class=\"wp-block-embed aligncenter is-type-video is-provider-youtube wp-block-embed-youtube wp-embed-aspect-16-9 wp-has-aspect-ratio\"><div class=\"wp-block-embed__wrapper\">\n<iframe loading=\"lazy\" title=\"Laurette: Der Kampf um die \u00f6ffentliche Meinung muss gef\u00fchrt werden, um Europa und die Ukraine zu verteidigen\" width=\"500\" height=\"281\" src=\"https:\/\/www.youtube.com\/embed\/A7LdkWMYsXs?feature=oembed\" frameborder=\"0\" allow=\"accelerometer; autoplay; clipboard-write; encrypted-media; gyroscope; picture-in-picture; web-share\" referrerpolicy=\"strict-origin-when-cross-origin\" allowfullscreen><\/iframe>\n<\/div><\/figure>\n\n\n\n<p>\"\u00a0<em>Was sehr wichtig ist - und was alle Beteiligten nicht vergessen d\u00fcrfen - ist der Kampf um die \u00f6ffentliche Meinung. Dies ist ein entscheidender Punkt. Die Parlamente bestehen aus gew\u00e4hlten Abgeordneten, aber wenn diese Abgeordneten nicht die Unterst\u00fctzung der Menschen haben, die f\u00fcr sie stimmen, wird es sehr schwierig sein, die Ukraine weiterhin zu unterst\u00fctzen und Europa als Ganzes zu verteidigen\", sagte Philippe Laurette, Pr\u00e4sident der Jean-Monnet-Vereinigung und Verfechter der europ\u00e4ischen Integration und des F\u00f6deralismus, auf der Veranstaltung der Westminster-Allianz f\u00fcr die Ukraine.<\/em> <em>Dieser Kampf um die \u00f6ffentliche Meinung muss gewonnen werden, und wir alle k\u00f6nnen dazu beitragen. Das ist von entscheidender Bedeutung. Wir wissen, dass viele Menschen in Wirklichkeit die Vertr\u00e4ge nicht kennen, sie nicht lesen und manchmal auch nicht verstehen. Aber was die Menschen in ihrem t\u00e4glichen Leben verstehen, ist, dass Sicherheit an erster Stelle steht\".<\/em>Die Regierung hat sich in den letzten Jahren sehr bem\u00fcht, die Situation zu verbessern\", sagte Laurette<\/p>\n\n\n\n<p><strong>Rede von Olivier V\u00e9drine vom 19. Mai 2025<\/strong><\/p>\n\n\n\n<figure class=\"wp-block-embed aligncenter is-type-video is-provider-youtube wp-block-embed-youtube wp-embed-aspect-16-9 wp-has-aspect-ratio\"><div class=\"wp-block-embed__wrapper\">\n<iframe loading=\"lazy\" title=\"Olivier V\u00e9drine: Stop Helping Ukraine to Survive - Help Ukraine to Win\" width=\"500\" height=\"281\" src=\"https:\/\/www.youtube.com\/embed\/I7KeyRxiTlc?start=2&#038;feature=oembed\" frameborder=\"0\" allow=\"accelerometer; autoplay; clipboard-write; encrypted-media; gyroscope; picture-in-picture; web-share\" referrerpolicy=\"strict-origin-when-cross-origin\" allowfullscreen><\/iframe>\n<\/div><\/figure>\n\n\n\n<p><em>\"Die Schl\u00fcsselfrage, die wir uns stellen m\u00fcssen, lautet: \"Wollen wir, dass die Ukraine nur \u00fcberlebt, oder wollen wir, dass sie sich aus Europa zur\u00fcckzieht? Wollen wir, dass die Ukraine nur \u00fcberlebt, oder wollen wir, dass die Ukraine gewinnt?<br>In den letzten drei Jahren, seit der gro\u00df angelegten Invasion, haben wir Waffen gespendet, aber oft zu wenig und zu sp\u00e4t. Wir haben \u00fcber die Geisterflotte gesprochen - wir wussten davon, haben aber nichts unternommen. Wir haben \u00fcber die russischen Mittel gesprochen - wir tun endlich etwas, aber es hat zu lange gedauert. Die eigentliche Frage ist folgende: Wollen wir einen ukrainischen Sieg oder nicht? Bisher haben wir der Ukraine geholfen, zu \u00fcberleben, zu widerstehen und auszuhalten. Aber \u00dcberleben ist nicht genug.<\/em><\/p>\n\n\n\n<p><em>Wir brauchen eine konkrete Strategie, nicht nur, damit die Ukraine \u00fcberlebt, sondern auch, damit sie gewinnt. Und es geht nicht nur um die Ukraine. Wenn wir morgen eine neue \"S5\" oder ein anderes begrenztes Format schaffen, das die Ukraine ausschlie\u00dft, k\u00f6nnten wir feststellen, dass Russland wieder zuschl\u00e4gt - nicht in der Ukraine, sondern in den baltischen Staaten oder in Polen.<\/em><\/p>\n\n\n\n<p><em>Deshalb muss es unser Ziel sein - gemeinsam mit allen europ\u00e4ischen und britischen Parlamentariern und hoffentlich auch mit den USA -, eine echte und einflussreiche Politik aufzubauen. Nicht nur, um Russland zu schw\u00e4chen. Nicht nur, um die Ukraine zu unterst\u00fctzen. Sondern um der Ukraine zum Sieg zu verhelfen.<\/em><\/p>\n\n\n\n<p><em>Dies muss unsere Aufgabe sein. Es gibt keine andere Frage. Die Ukraine muss gewinnen - f\u00fcr unsere Freiheit.<br>Wir befinden uns am Anfang eines Szenarios, das der Zeit vor dem Zweiten Weltkrieg \u00e4hnelt. 1938. Der Einmarsch in die Tschechoslowakei. Dann Polen. Dann der Rest Europas.<br>Wir d\u00fcrfen diese Fehler nicht wiederholen.<br>Also h\u00f6ren Sie bitte auf, dar\u00fcber nachzudenken, wie Sie der Ukraine helfen k\u00f6nnen, zu \u00fcberleben.<\/em><\/p>\n\n\n\n<p><em>Fangen Sie an, daran zu denken, der Ukraine zum Sieg zu verhelfen\".<\/em><\/p>\n\n\n\n<hr class=\"wp-block-separator has-alpha-channel-opacity\"\/>\n\n\n\n<p>Finden Sie alle Vortr\u00e4ge auf der Website <strong><a href=\"https:\/\/defendingdemocracy.global\/intro\/\">Defending Democracy and Human Rights (Verteidigung von Demokratie und Menschenrechten)<\/a><\/strong><\/p>","protected":false},"excerpt":{"rendered":"<p>L\u2019id\u00e9e pour Olivier V\u00e9drine \u00e9tait d\u2019utiliser le symbole historique de l\u2019alliance entre le Royaume-Uni et la France Libre pendant la Seconde Guerre Mondiale. Un rappel des r\u00f4les \u00e9minents, du G\u00e9n\u00e9ral Charles de Gaulle, du Premier ministre britannique Winston Churchill et de Jean Monnet. Pendant le Forum \u00e9conomique de Mikolajki, en Pologne, les 3 et 4 [&hellip;]<\/p>\n","protected":false},"author":4,"featured_media":4356,"parent":0,"menu_order":0,"comment_status":"closed","ping_status":"closed","template":"","meta":{"_acf_changed":false,"footnotes":""},"class_list":["post-4353","page","type-page","status-publish","has-post-thumbnail","hentry"],"acf":[],"yoast_head":"<!-- This site is optimized with the Yoast SEO plugin v27.4 - https:\/\/yoast.com\/product\/yoast-seo-wordpress\/ -->\n<title>Westminster Alliance for Ukraine - Association Jean Monnet<\/title>\n<meta name=\"description\" content=\"Soutenir l\u2019Ukraine et organiser une s\u00e9rie de Westminster Talks en Europe afin de construire un r\u00e9seau de parlementaires et d\u2019experts europ\u00e9ens.\" \/>\n<meta name=\"robots\" content=\"index, follow, max-snippet:-1, max-image-preview:large, max-video-preview:-1\" \/>\n<link rel=\"canonical\" href=\"https:\/\/ajmonnet.eu\/de\/westminster-alliance-for-ukraine\/\" \/>\n<meta property=\"og:locale\" content=\"de_DE\" \/>\n<meta property=\"og:type\" content=\"article\" \/>\n<meta property=\"og:title\" content=\"Westminster Alliance for Ukraine - Association Jean Monnet\" \/>\n<meta property=\"og:description\" content=\"Soutenir l\u2019Ukraine et organiser une s\u00e9rie de Westminster Talks en Europe afin de construire un r\u00e9seau de parlementaires et d\u2019experts europ\u00e9ens.\" \/>\n<meta property=\"og:url\" content=\"https:\/\/ajmonnet.eu\/de\/westminster-alliance-for-ukraine\/\" \/>\n<meta property=\"og:site_name\" content=\"Association Jean Monnet\" \/>\n<meta property=\"article:publisher\" content=\"https:\/\/www.facebook.com\/associationjeanmonnet\" \/>\n<meta property=\"article:modified_time\" content=\"2025-07-29T20:03:35+00:00\" \/>\n<meta property=\"og:image\" content=\"https:\/\/ajmonnet.eu\/wp-content\/uploads\/2025\/06\/2025-06-09_09h27_51.png\" \/>\n\t<meta property=\"og:image:width\" content=\"793\" \/>\n\t<meta property=\"og:image:height\" content=\"402\" \/>\n\t<meta property=\"og:image:type\" content=\"image\/png\" \/>\n<meta name=\"twitter:card\" content=\"summary_large_image\" \/>\n<meta name=\"twitter:site\" content=\"@AJMonnet\" \/>\n<meta name=\"twitter:label1\" content=\"Gesch\u00e4tzte Lesezeit\" \/>\n\t<meta name=\"twitter:data1\" content=\"4\u00a0Minuten\" \/>\n<script type=\"application\/ld+json\" class=\"yoast-schema-graph\">{\"@context\":\"https:\\\/\\\/schema.org\",\"@graph\":[{\"@type\":\"WebPage\",\"@id\":\"https:\\\/\\\/ajmonnet.eu\\\/westminster-alliance-for-ukraine\\\/\",\"url\":\"https:\\\/\\\/ajmonnet.eu\\\/westminster-alliance-for-ukraine\\\/\",\"name\":\"Westminster Alliance for Ukraine - Association Jean Monnet\",\"isPartOf\":{\"@id\":\"https:\\\/\\\/ajmonnet.eu\\\/#website\"},\"primaryImageOfPage\":{\"@id\":\"https:\\\/\\\/ajmonnet.eu\\\/westminster-alliance-for-ukraine\\\/#primaryimage\"},\"image\":{\"@id\":\"https:\\\/\\\/ajmonnet.eu\\\/westminster-alliance-for-ukraine\\\/#primaryimage\"},\"thumbnailUrl\":\"https:\\\/\\\/ajmonnet.eu\\\/wp-content\\\/uploads\\\/2025\\\/06\\\/2025-06-09_09h27_51.png\",\"datePublished\":\"2025-06-09T08:23:42+00:00\",\"dateModified\":\"2025-07-29T20:03:35+00:00\",\"description\":\"Soutenir l\u2019Ukraine et organiser une s\u00e9rie de Westminster Talks en Europe afin de construire un r\u00e9seau de parlementaires et d\u2019experts europ\u00e9ens.\",\"breadcrumb\":{\"@id\":\"https:\\\/\\\/ajmonnet.eu\\\/westminster-alliance-for-ukraine\\\/#breadcrumb\"},\"inLanguage\":\"de\",\"potentialAction\":[{\"@type\":\"ReadAction\",\"target\":[\"https:\\\/\\\/ajmonnet.eu\\\/westminster-alliance-for-ukraine\\\/\"]}]},{\"@type\":\"ImageObject\",\"inLanguage\":\"de\",\"@id\":\"https:\\\/\\\/ajmonnet.eu\\\/westminster-alliance-for-ukraine\\\/#primaryimage\",\"url\":\"https:\\\/\\\/ajmonnet.eu\\\/wp-content\\\/uploads\\\/2025\\\/06\\\/2025-06-09_09h27_51.png\",\"contentUrl\":\"https:\\\/\\\/ajmonnet.eu\\\/wp-content\\\/uploads\\\/2025\\\/06\\\/2025-06-09_09h27_51.png\",\"width\":793,\"height\":402},{\"@type\":\"BreadcrumbList\",\"@id\":\"https:\\\/\\\/ajmonnet.eu\\\/westminster-alliance-for-ukraine\\\/#breadcrumb\",\"itemListElement\":[{\"@type\":\"ListItem\",\"position\":1,\"name\":\"Home\",\"item\":\"https:\\\/\\\/ajmonnet.eu\\\/\"},{\"@type\":\"ListItem\",\"position\":2,\"name\":\"Westminster Alliance for Ukraine\"}]},{\"@type\":\"WebSite\",\"@id\":\"https:\\\/\\\/ajmonnet.eu\\\/#website\",\"url\":\"https:\\\/\\\/ajmonnet.eu\\\/\",\"name\":\"Association Jean Monnet\",\"description\":\"Faire vivre au temps pr\u00e9sent les id\u00e9es europ\u00e9ennes de Jean Monnet\",\"publisher\":{\"@id\":\"https:\\\/\\\/ajmonnet.eu\\\/#organization\"},\"alternateName\":\"AJM\",\"potentialAction\":[{\"@type\":\"SearchAction\",\"target\":{\"@type\":\"EntryPoint\",\"urlTemplate\":\"https:\\\/\\\/ajmonnet.eu\\\/?s={search_term_string}\"},\"query-input\":{\"@type\":\"PropertyValueSpecification\",\"valueRequired\":true,\"valueName\":\"search_term_string\"}}],\"inLanguage\":\"de\"},{\"@type\":\"Organization\",\"@id\":\"https:\\\/\\\/ajmonnet.eu\\\/#organization\",\"name\":\"ASSOCIATION JEAN MONNET\",\"alternateName\":\"AJM\",\"url\":\"https:\\\/\\\/ajmonnet.eu\\\/\",\"logo\":{\"@type\":\"ImageObject\",\"inLanguage\":\"de\",\"@id\":\"https:\\\/\\\/ajmonnet.eu\\\/#\\\/schema\\\/logo\\\/image\\\/\",\"url\":\"https:\\\/\\\/ajmonnet.eu\\\/wp-content\\\/uploads\\\/2022\\\/04\\\/AJM-Logo-Color.png\",\"contentUrl\":\"https:\\\/\\\/ajmonnet.eu\\\/wp-content\\\/uploads\\\/2022\\\/04\\\/AJM-Logo-Color.png\",\"width\":386,\"height\":241,\"caption\":\"ASSOCIATION JEAN MONNET\"},\"image\":{\"@id\":\"https:\\\/\\\/ajmonnet.eu\\\/#\\\/schema\\\/logo\\\/image\\\/\"},\"sameAs\":[\"https:\\\/\\\/www.facebook.com\\\/associationjeanmonnet\",\"https:\\\/\\\/x.com\\\/AJMonnet\",\"https:\\\/\\\/www.linkedin.com\\\/company\\\/association-jean-monnet\",\"https:\\\/\\\/bsky.app\\\/profile\\\/ajeanmonnet.bsky.social\"]}]}<\/script>\n<!-- \/ Yoast SEO plugin. -->","yoast_head_json":{"title":"Westminster Alliance for Ukraine - Association Jean Monnet","description":"Soutenir l\u2019Ukraine et organiser une s\u00e9rie de Westminster Talks en Europe afin de construire un r\u00e9seau de parlementaires et d\u2019experts europ\u00e9ens.","robots":{"index":"index","follow":"follow","max-snippet":"max-snippet:-1","max-image-preview":"max-image-preview:large","max-video-preview":"max-video-preview:-1"},"canonical":"https:\/\/ajmonnet.eu\/de\/westminster-alliance-for-ukraine\/","og_locale":"de_DE","og_type":"article","og_title":"Westminster Alliance for Ukraine - Association Jean Monnet","og_description":"Soutenir l\u2019Ukraine et organiser une s\u00e9rie de Westminster Talks en Europe afin de construire un r\u00e9seau de parlementaires et d\u2019experts europ\u00e9ens.","og_url":"https:\/\/ajmonnet.eu\/de\/westminster-alliance-for-ukraine\/","og_site_name":"Association Jean Monnet","article_publisher":"https:\/\/www.facebook.com\/associationjeanmonnet","article_modified_time":"2025-07-29T20:03:35+00:00","og_image":[{"width":793,"height":402,"url":"https:\/\/ajmonnet.eu\/wp-content\/uploads\/2025\/06\/2025-06-09_09h27_51.png","type":"image\/png"}],"twitter_card":"summary_large_image","twitter_site":"@AJMonnet","twitter_misc":{"Gesch\u00e4tzte Lesezeit":"4\u00a0Minuten"},"schema":{"@context":"https:\/\/schema.org","@graph":[{"@type":"WebPage","@id":"https:\/\/ajmonnet.eu\/westminster-alliance-for-ukraine\/","url":"https:\/\/ajmonnet.eu\/westminster-alliance-for-ukraine\/","name":"Westminster Alliance for Ukraine - Association Jean Monnet","isPartOf":{"@id":"https:\/\/ajmonnet.eu\/#website"},"primaryImageOfPage":{"@id":"https:\/\/ajmonnet.eu\/westminster-alliance-for-ukraine\/#primaryimage"},"image":{"@id":"https:\/\/ajmonnet.eu\/westminster-alliance-for-ukraine\/#primaryimage"},"thumbnailUrl":"https:\/\/ajmonnet.eu\/wp-content\/uploads\/2025\/06\/2025-06-09_09h27_51.png","datePublished":"2025-06-09T08:23:42+00:00","dateModified":"2025-07-29T20:03:35+00:00","description":"Soutenir l\u2019Ukraine et organiser une s\u00e9rie de Westminster Talks en Europe afin de construire un r\u00e9seau de parlementaires et d\u2019experts europ\u00e9ens.","breadcrumb":{"@id":"https:\/\/ajmonnet.eu\/westminster-alliance-for-ukraine\/#breadcrumb"},"inLanguage":"de","potentialAction":[{"@type":"ReadAction","target":["https:\/\/ajmonnet.eu\/westminster-alliance-for-ukraine\/"]}]},{"@type":"ImageObject","inLanguage":"de","@id":"https:\/\/ajmonnet.eu\/westminster-alliance-for-ukraine\/#primaryimage","url":"https:\/\/ajmonnet.eu\/wp-content\/uploads\/2025\/06\/2025-06-09_09h27_51.png","contentUrl":"https:\/\/ajmonnet.eu\/wp-content\/uploads\/2025\/06\/2025-06-09_09h27_51.png","width":793,"height":402},{"@type":"BreadcrumbList","@id":"https:\/\/ajmonnet.eu\/westminster-alliance-for-ukraine\/#breadcrumb","itemListElement":[{"@type":"ListItem","position":1,"name":"Home","item":"https:\/\/ajmonnet.eu\/"},{"@type":"ListItem","position":2,"name":"Westminster Alliance for Ukraine"}]},{"@type":"WebSite","@id":"https:\/\/ajmonnet.eu\/#website","url":"https:\/\/ajmonnet.eu\/","name":"Jean-Monnet-Vereinigung","description":"Die europ\u00e4ischen Ideen von Jean Monnet in der heutigen Zeit weiterleben lassen","publisher":{"@id":"https:\/\/ajmonnet.eu\/#organization"},"alternateName":"AJM","potentialAction":[{"@type":"SearchAction","target":{"@type":"EntryPoint","urlTemplate":"https:\/\/ajmonnet.eu\/?s={search_term_string}"},"query-input":{"@type":"PropertyValueSpecification","valueRequired":true,"valueName":"search_term_string"}}],"inLanguage":"de"},{"@type":"Organization","@id":"https:\/\/ajmonnet.eu\/#organization","name":"VEREIN JEAN MONNET","alternateName":"AJM","url":"https:\/\/ajmonnet.eu\/","logo":{"@type":"ImageObject","inLanguage":"de","@id":"https:\/\/ajmonnet.eu\/#\/schema\/logo\/image\/","url":"https:\/\/ajmonnet.eu\/wp-content\/uploads\/2022\/04\/AJM-Logo-Color.png","contentUrl":"https:\/\/ajmonnet.eu\/wp-content\/uploads\/2022\/04\/AJM-Logo-Color.png","width":386,"height":241,"caption":"ASSOCIATION JEAN MONNET"},"image":{"@id":"https:\/\/ajmonnet.eu\/#\/schema\/logo\/image\/"},"sameAs":["https:\/\/www.facebook.com\/associationjeanmonnet","https:\/\/x.com\/AJMonnet","https:\/\/www.linkedin.com\/company\/association-jean-monnet","https:\/\/bsky.app\/profile\/ajeanmonnet.bsky.social"]}]}},"_links":{"self":[{"href":"http:\/\/ajmonnet.eu\/de\/wp-json\/wp\/v2\/pages\/4353","targetHints":{"allow":["GET"]}}],"collection":[{"href":"http:\/\/ajmonnet.eu\/de\/wp-json\/wp\/v2\/pages"}],"about":[{"href":"http:\/\/ajmonnet.eu\/de\/wp-json\/wp\/v2\/types\/page"}],"author":[{"embeddable":true,"href":"http:\/\/ajmonnet.eu\/de\/wp-json\/wp\/v2\/users\/4"}],"replies":[{"embeddable":true,"href":"http:\/\/ajmonnet.eu\/de\/wp-json\/wp\/v2\/comments?post=4353"}],"version-history":[{"count":16,"href":"http:\/\/ajmonnet.eu\/de\/wp-json\/wp\/v2\/pages\/4353\/revisions"}],"predecessor-version":[{"id":4448,"href":"http:\/\/ajmonnet.eu\/de\/wp-json\/wp\/v2\/pages\/4353\/revisions\/4448"}],"wp:featuredmedia":[{"embeddable":true,"href":"http:\/\/ajmonnet.eu\/de\/wp-json\/wp\/v2\/media\/4356"}],"wp:attachment":[{"href":"http:\/\/ajmonnet.eu\/de\/wp-json\/wp\/v2\/media?parent=4353"}],"curies":[{"name":"wp","href":"https:\/\/api.w.org\/{rel}","templated":true}]}}